{"id":38476,"date":"2026-02-17T11:55:00","date_gmt":"2026-02-17T16:55:00","guid":{"rendered":"https:\/\/www.fbdm-mcaf.ca\/?page_id=38476"},"modified":"2026-02-16T11:45:14","modified_gmt":"2026-02-16T16:45:14","slug":"job","status":"publish","type":"page","link":"https:\/\/www.fbdm-mcaf.ca\/en\/involvement\/job\/","title":{"rendered":"Job"},"content":{"rendered":"\n<h2 class=\"wp-block-heading\"><strong>Job offer \u2013 Co-Executive Director And Administrative Director<\/strong><\/h2>\n\n\n\n<p><em>The job is mainly in French and interested candidates are expected to apply in French.<\/em><\/p>\n\n\n\n<h3 class=\"wp-block-heading\" id=\"volunteers\"><strong>\u00c0 propos de l\u2019organisme<\/strong><\/h3>\n\n\n\n<p>Le Festival BD de Montr\u00e9al est un organisme \u00e0 but non lucratif dont la mission principale est l\u2019organisation et le d\u00e9veloppement du plus important festival de bande dessin\u00e9e au Canada. V\u00e9ritable vitrine de la cr\u00e9ation qu\u00e9b\u00e9coise et internationale, le festival joue un r\u00f4le central dans la promotion du 9e art, de la culture et de l\u2019accessibilit\u00e9 au public, tout en contribuant activement au rayonnement culturel et touristique de sa r\u00e9gion.<\/p>\n\n\n\n<p>Dans un contexte de croissance, de consolidation et d\u2019\u00e9volution de ses modes de gouvernance, le conseil d\u2019administration souhaite mettre en place un mod\u00e8le de codirection, en pourvoyant le poste de direction administrative. Cette personne travaillera en \u00e9troite collaboration avec la directrice artistique actuelle, dans une logique de compl\u00e9mentarit\u00e9 des expertises et de leadership partag\u00e9.<\/p>\n\n\n\n<p>Nous recherchons une personne rigoureuse, structur\u00e9e et engag\u00e9e, poss\u00e9dant une solide exp\u00e9rience en gestion d\u2019organisme culturel ou \u00e9v\u00e9nementiel, et d\u00e9sireuse de contribuer activement au d\u00e9veloppement durable du Festival BD de Montr\u00e9al.<\/p>\n\n\n\n<h3 class=\"wp-block-heading\"><strong>Sommaire du poste<\/strong><\/h3>\n\n\n\n<p>Relevant du conseil d\u2019administration, la direction administrative assume, conjointement avec la direction artistique, la codirection de l\u2019organisme. En \u00e9troite collaboration avec celle-ci, elle est responsable de la planification, du financement, de la gouvernance, du d\u00e9veloppement des partenariats ainsi que du bon d\u00e9roulement g\u00e9n\u00e9ral du festival, tout en repr\u00e9sentant et en incarnant les valeurs de l\u2019organisme aupr\u00e8s des partenaires, des bailleurs de fonds et des \u00e9quipes. Compte tenu de la taille restreinte de l\u2019\u00e9quipe, la personne en poste sera appel\u00e9e non seulement \u00e0 superviser, mais aussi \u00e0 participer activement \u00e0 la mise en \u0153uvre et \u00e0 l\u2019ex\u00e9cution des activit\u00e9s.<\/p>\n\n\n\n<h2 class=\"wp-block-heading\"><strong>Principales responsabilit\u00e9s<\/strong><\/h2>\n\n\n\n<h3 class=\"wp-block-heading\"><strong>Codirection, strat\u00e9gie et gouvernance<\/strong><\/h3>\n\n\n\n<ul class=\"wp-block-list\">\n<li>Contribuer \u00e0 l\u2019\u00e9laboration d\u2019une vision \u00e0 moyen et long terme pour le festival et les activit\u00e9s connexes<\/li>\n\n\n\n<li>Assurer, en collaboration avec la direction artistique, la mise en \u0153uvre des orientations strat\u00e9giques de l\u2019organisme<\/li>\n\n\n\n<li>Soutenir le conseil d\u2019administration dans l\u2019exercice de ses fonctions (pr\u00e9paration des r\u00e9unions, reddition de comptes, suivi des d\u00e9cisions)<\/li>\n\n\n\n<li>Favoriser un climat de collaboration fluide et efficace entre les directions, les \u00e9quipes et le conseil d\u2019administration<\/li>\n\n\n\n<li>Production de bilan et communication des r\u00e9sultats de l\u2019organisme<\/li>\n<\/ul>\n\n\n\n<h3 class=\"wp-block-heading\"><strong>Gestion administrative et financi\u00e8re<\/strong><\/h3>\n\n\n\n<ul class=\"wp-block-list\">\n<li>Assurer la gestion globale des finances de l\u2019organisme (budgets, pr\u00e9visions, suivis, contr\u00f4les et reddition de comptes)<\/li>\n\n\n\n<li>Superviser la tenue de livres et la pr\u00e9paration des \u00e9tats financiers, en collaboration avec les ressources comptables et les auditeurs<\/li>\n\n\n\n<li>Veiller \u00e0 la saine gestion des liquidit\u00e9s et \u00e0 la p\u00e9rennit\u00e9 financi\u00e8re de l\u2019organisme<\/li>\n\n\n\n<li>Mettre en place et maintenir des outils de gestion administrative efficaces<\/li>\n\n\n\n<li>N\u00e9gocier, r\u00e9diger, v\u00e9rifier et signer les ententes contractuelles de l\u2019organisme avec les partenaires, gouvernements, employ\u00e9\u00b7es, client\u00b7es, fournisseurs, artistes et organismes culturels et gestion de ces relations<\/li>\n<\/ul>\n\n\n\n<h3 class=\"wp-block-heading\"><strong>Financement, subventions et commandites<\/strong><\/h3>\n\n\n\n<ul class=\"wp-block-list\">\n<li>Effectuer une veille strat\u00e9gique des programmes de financement et rep\u00e9rer de nouvelles opportunit\u00e9s<\/li>\n\n\n\n<li>Gestion et r\u00e9daction des demandes de subventions municipales, provinciales et f\u00e9d\u00e9rales<\/li>\n\n\n\n<li>Assurer le respect des exigences de reddition de comptes des bailleurs de fonds<\/li>\n\n\n\n<li>D\u00e9velopper, n\u00e9gocier et suivre les partenaires de commanditaires Diversifier les sources de revenus et soutenir le d\u00e9veloppement de revenus autonomes<\/li>\n<\/ul>\n\n\n\n<h3 class=\"wp-block-heading\"><strong>Gestion des op\u00e9rations et des ressources<\/strong><\/h3>\n\n\n\n<ul class=\"wp-block-list\">\n<li>Superviser l\u2019organisation logistique et op\u00e9rationnelle du festival, en collaboration avec la direction artistique<\/li>\n\n\n\n<li>Coordonner les \u00e9quipes permanentes, contractuelles et b\u00e9n\u00e9voles, en collaboration avec la direction artistique<\/li>\n\n\n\n<li>D\u00e9velopper, \u00e9laborer et mettre \u00e0 jour les politiques de ressources humaines<\/li>\n\n\n\n<li>Encadrer les fournisseurs et partenaires op\u00e9rationnels<\/li>\n\n\n\n<li>Veiller \u00e0 l\u2019atteinte des objectifs organisationnels, financiers et op\u00e9rationnels<\/li>\n<\/ul>\n\n\n\n<h3 class=\"wp-block-heading\"><strong>Repr\u00e9sentation institutionnelle<\/strong><\/h3>\n\n\n\n<ul class=\"wp-block-list\">\n<li>Repr\u00e9senter l\u2019organisme aupr\u00e8s des partenaires institutionnels, financiers et priv\u00e9s, en compl\u00e9mentarit\u00e9 avec la direction artistique<\/li>\n\n\n\n<li>D\u00e9velopper et maintenir des relations solides avec les milieux culturel, artistique, institutionnel et \u00e9v\u00e9nementiel<\/li>\n\n\n\n<li>Contribuer au rayonnement et au positionnement du festival au Qu\u00e9bec et \u00e0 l\u2019international<\/li>\n<\/ul>\n\n\n\n<h2 class=\"wp-block-heading\"><strong>Profil recherch\u00e9<\/strong><\/h2>\n\n\n\n<h3 class=\"wp-block-heading\"><strong>Exigences<\/strong><\/h3>\n\n\n\n<ul class=\"wp-block-list\">\n<li>Baccalaur\u00e9at en gestion, administration, culture ou domaine connexe<\/li>\n\n\n\n<li>Minimum de 5 ans d\u2019exp\u00e9rience \u00e0 un poste de direction ou de codirection, id\u00e9alement dans un OSBL du milieu culturel ou \u00e9v\u00e9nementiel<\/li>\n\n\n\n<li>Fortes aptitudes en gestion financi\u00e8re, gestion des ressources humaines et gestion de projets<\/li>\n\n\n\n<li>R\u00e9alisations en financement public et commandites priv\u00e9es<\/li>\n\n\n\n<li>Solide exp\u00e9rience en gestion financi\u00e8re et budg\u00e9taire<\/li>\n<\/ul>\n\n\n\n<h3 class=\"wp-block-heading\"><strong>Comp\u00e9tences et qualit\u00e9s recherch\u00e9es<\/strong><\/h3>\n\n\n\n<ul class=\"wp-block-list\">\n<li>Aptitudes et int\u00e9r\u00eat \u00e0 travailler en collaboration et en codirection g\u00e9n\u00e9rale<\/li>\n\n\n\n<li>Excellentes habilet\u00e9s relationnelles et communicationnelles<\/li>\n\n\n\n<li>Leadership mobilisateur, bas\u00e9 sur l\u2019\u00e9coute, la rigueur et la transparence<\/li>\n\n\n\n<li>Vision strat\u00e9gique et excellente capacit\u00e9 d\u2019analyse<\/li>\n\n\n\n<li>Grande autonomie, sens de l\u2019organisation et capacit\u00e9 \u00e0 g\u00e9rer et prioriser plusieurs dossiers complexes simultan\u00e9ment<\/li>\n\n\n\n<li>Sens des responsabilit\u00e9s et capacit\u00e9 \u00e0 \u00e9voluer dans l\u2019intensit\u00e9 de l\u2019\u00e9v\u00e9nementiel, avec une bonne gestion du stress et des impr\u00e9vus.<\/li>\n\n\n\n<li>Excellente ma\u00eetrise du fran\u00e7ais et de l\u2019anglais, \u00e0 l\u2019oral et \u00e0 l\u2019\u00e9crit<\/li>\n\n\n\n<li>Aisance avec les enjeux institutionnels, politiques et m\u00e9diatiques du milieu culturel<\/li>\n\n\n\n<li>Sensibilit\u00e9 aux enjeux de l\u2019\u00e9quit\u00e9, de la diversit\u00e9 et de l\u2019inclusion.<\/li>\n\n\n\n<li>Connaissance du milieu de la bande dessin\u00e9e et des OSBL culturels, un atout<\/li>\n<\/ul>\n\n\n\n<h2 class=\"wp-block-heading\"><strong>Conditions<\/strong><\/h2>\n\n\n\n<ul class=\"wp-block-list\">\n<li>Poste permanent \u00e0 temps plein<\/li>\n\n\n\n<li>R\u00e9mun\u00e9ration comp\u00e9titive, selon l\u2019exp\u00e9rience et le profil<\/li>\n\n\n\n<li>Conditions de travail flexibles et mode de travail hybride, avec une charge et pr\u00e9sence accrue pendant les mois entourant le Festival<\/li>\n\n\n\n<li>Occasion unique de contribuer \u00e0 la codirection d\u2019un \u00e9v\u00e9nement culturel majeur et reconnu<\/li>\n<\/ul>\n\n\n\n<p>Afin d\u2019offrir un contexte de transition optimal, une date d\u2019embauche en avril 2026 est pr\u00e9vue pour permettre d\u2019observer et de collaborer \u00e0 la r\u00e9alisation de l\u2019\u00e9dition 2026 du Festival avec la directrice g\u00e9n\u00e9rale sortante et la directrice artistique. Cela permettra \u00e0 la personne choisie de s\u2019immerger dans le milieu, de bien comprendre le d\u00e9roulement du Festival et de d\u00e9velopper son r\u00e9seau afin d\u2019\u00eatre pr\u00eate pour la prise en charge des fonctions de codirection g\u00e9n\u00e9rale et direction administratives officiellement d\u00e8s juin 2026.&nbsp;<\/p>\n\n\n\n<h2 class=\"wp-block-heading\"><strong>Pour postuler<\/strong><\/h2>\n\n\n\n<p>Les personnes int\u00e9ress\u00e9es sont invit\u00e9es \u00e0 transmettre leur curriculum vitae, accompagn\u00e9 d\u2019une lettre de motivation, d\u00e9montrant leur ad\u00e9quation avec le poste et leur int\u00e9r\u00eat pour un mod\u00e8le de codirection, ainsi que&nbsp;<strong>trois r\u00e9f\u00e9rences<\/strong>,&nbsp;<strong>au plus tard le 6 mars 2026<\/strong>, par courriel \u00e0 l\u2019adresse suivante :&nbsp;<strong>rh@fbdm-mcaf.ca<\/strong><\/p>\n\n\n\n<p>Les entrevues ont lieu \u00e0 compter du\u00a0<strong>15 mars 2026<\/strong>.<\/p>\n","protected":false},"excerpt":{"rendered":"<p class=\"post-excerpt\"><strong>Job offer \u2013 Co-Executive Director And Administrative Director<\/strong><\/p>\n<p><em>The job is mainly in French and interested candidates are expected to apply in French.<\/em><\/p>\n<p><strong>\u00c0 propos de l\u2019organisme<\/strong><\/p>\n<p>Le Festival BD de Montr\u00e9al est un organisme \u00e0 but non lucratif dont la mission principale est l\u2019organisation et le d\u00e9veloppement du plus important festival de bande dessin\u00e9e au Canada.<\/p>\n<p>&#8230;<\/p>\n<p><a class=\"post-learn-more\" href=\"https:\/\/www.fbdm-mcaf.ca\/en\/involvement\/job\/\">Read more<span>&nbsp;><\/span><\/a><\/p><\/p>\n","protected":false},"author":2,"featured_media":0,"parent":36750,"menu_order":225,"comment_status":"closed","ping_status":"closed","template":"template-fullwidth.php","meta":{"_acf_changed":false,"_price":"","_stock":"","_tribe_ticket_header":"","_tribe_default_ticket_provider":"","_tribe_ticket_capacity":"0","_ticket_start_date":"","_ticket_end_date":"","_tribe_ticket_show_description":"","_tribe_ticket_show_not_going":false,"_tribe_ticket_use_global_stock":"","_tribe_ticket_global_stock_level":"","_global_stock_mode":"","_global_stock_cap":"","_tribe_rsvp_for_event":"","_tribe_ticket_going_count":"","_tribe_ticket_not_going_count":"","_tribe_tickets_list":"[]","_tribe_ticket_has_attendee_info_fields":false,"footnotes":"","_tec_slr_enabled":"","_tec_slr_layout":""},"class_list":["post-38476","page","type-page","status-publish","hentry"],"acf":[],"yoast_head":"<!-- This site is optimized with the Yoast SEO plugin v27.3 - https:\/\/yoast.com\/product\/yoast-seo-wordpress\/ -->\n<title>Job &#8226; MCAF<\/title>\n<meta name=\"robots\" content=\"index, follow, max-snippet:-1, max-image-preview:large, max-video-preview:-1\" \/>\n<link rel=\"canonical\" href=\"https:\/\/www.fbdm-mcaf.ca\/en\/involvement\/job\/\" \/>\n<meta property=\"og:locale\" content=\"en_US\" \/>\n<meta property=\"og:type\" content=\"article\" \/>\n<meta property=\"og:title\" content=\"Job &#8226; MCAF\" \/>\n<meta property=\"og:description\" content=\"Job offer \u2013 Co-Executive Director And Administrative Director  The job is mainly in French and interested candidates are expected to apply in French.  \u00c0 propos de l\u2019organisme  Le Festival BD de Montr\u00e9al est un organisme \u00e0 but non lucratif dont la mission principale est l\u2019organisation et le d\u00e9veloppement du plus important festival de bande dessin\u00e9e au Canada....Read more&nbsp;&gt;\" \/>\n<meta property=\"og:url\" content=\"https:\/\/www.fbdm-mcaf.ca\/en\/involvement\/job\/\" \/>\n<meta property=\"og:site_name\" content=\"MCAF\" \/>\n<meta property=\"article:publisher\" content=\"https:\/\/www.facebook.com\/FestivalBDMontreal\/\" \/>\n<meta property=\"og:image\" content=\"https:\/\/www.fbdm-mcaf.ca\/wp-content\/uploads\/FBDM_logo_WEB.png\" \/>\n\t<meta property=\"og:image:width\" content=\"390\" \/>\n\t<meta property=\"og:image:height\" content=\"317\" \/>\n\t<meta property=\"og:image:type\" content=\"image\/png\" \/>\n<meta name=\"twitter:card\" content=\"summary_large_image\" \/>\n<meta name=\"twitter:site\" content=\"@fbdm_mtl\" \/>\n<meta name=\"twitter:label1\" content=\"Est. reading time\" \/>\n\t<meta name=\"twitter:data1\" content=\"6 minutes\" \/>\n<script type=\"application\/ld+json\" class=\"yoast-schema-graph\">{\"@context\":\"https:\\\/\\\/schema.org\",\"@graph\":[{\"@type\":\"WebPage\",\"@id\":\"https:\\\/\\\/www.fbdm-mcaf.ca\\\/en\\\/involvement\\\/job\\\/\",\"url\":\"https:\\\/\\\/www.fbdm-mcaf.ca\\\/en\\\/involvement\\\/job\\\/\",\"name\":\"Job &#8226; MCAF\",\"isPartOf\":{\"@id\":\"https:\\\/\\\/www.fbdm-mcaf.ca\\\/en\\\/#website\"},\"datePublished\":\"2026-02-17T16:55:00+00:00\",\"breadcrumb\":{\"@id\":\"https:\\\/\\\/www.fbdm-mcaf.ca\\\/en\\\/involvement\\\/job\\\/#breadcrumb\"},\"inLanguage\":\"en-US\",\"potentialAction\":[{\"@type\":\"ReadAction\",\"target\":[\"https:\\\/\\\/www.fbdm-mcaf.ca\\\/en\\\/involvement\\\/job\\\/\"]}]},{\"@type\":\"BreadcrumbList\",\"@id\":\"https:\\\/\\\/www.fbdm-mcaf.ca\\\/en\\\/involvement\\\/job\\\/#breadcrumb\",\"itemListElement\":[{\"@type\":\"ListItem\",\"position\":1,\"name\":\"Home\",\"item\":\"https:\\\/\\\/www.fbdm-mcaf.ca\\\/en\\\/\"},{\"@type\":\"ListItem\",\"position\":2,\"name\":\"Involvement\",\"item\":\"https:\\\/\\\/www.fbdm-mcaf.ca\\\/en\\\/involvement\\\/\"},{\"@type\":\"ListItem\",\"position\":3,\"name\":\"Job\"}]},{\"@type\":\"WebSite\",\"@id\":\"https:\\\/\\\/www.fbdm-mcaf.ca\\\/en\\\/#website\",\"url\":\"https:\\\/\\\/www.fbdm-mcaf.ca\\\/en\\\/\",\"name\":\"MCAF\",\"description\":\"Montreal Comic Arts Festival\",\"potentialAction\":[{\"@type\":\"SearchAction\",\"target\":{\"@type\":\"EntryPoint\",\"urlTemplate\":\"https:\\\/\\\/www.fbdm-mcaf.ca\\\/en\\\/?s={search_term_string}\"},\"query-input\":{\"@type\":\"PropertyValueSpecification\",\"valueRequired\":true,\"valueName\":\"search_term_string\"}}],\"inLanguage\":\"en-US\"}]}<\/script>\n<!-- \/ Yoast SEO plugin. -->","yoast_head_json":{"title":"Job &#8226; MCAF","robots":{"index":"index","follow":"follow","max-snippet":"max-snippet:-1","max-image-preview":"max-image-preview:large","max-video-preview":"max-video-preview:-1"},"canonical":"https:\/\/www.fbdm-mcaf.ca\/en\/involvement\/job\/","og_locale":"en_US","og_type":"article","og_title":"Job &#8226; MCAF","og_description":"Job offer \u2013 Co-Executive Director And Administrative Director  The job is mainly in French and interested candidates are expected to apply in French.  \u00c0 propos de l\u2019organisme  Le Festival BD de Montr\u00e9al est un organisme \u00e0 but non lucratif dont la mission principale est l\u2019organisation et le d\u00e9veloppement du plus important festival de bande dessin\u00e9e au Canada....Read more&nbsp;>","og_url":"https:\/\/www.fbdm-mcaf.ca\/en\/involvement\/job\/","og_site_name":"MCAF","article_publisher":"https:\/\/www.facebook.com\/FestivalBDMontreal\/","og_image":[{"width":390,"height":317,"url":"https:\/\/www.fbdm-mcaf.ca\/wp-content\/uploads\/FBDM_logo_WEB.png","type":"image\/png"}],"twitter_card":"summary_large_image","twitter_site":"@fbdm_mtl","twitter_misc":{"Est. reading time":"6 minutes"},"schema":{"@context":"https:\/\/schema.org","@graph":[{"@type":"WebPage","@id":"https:\/\/www.fbdm-mcaf.ca\/en\/involvement\/job\/","url":"https:\/\/www.fbdm-mcaf.ca\/en\/involvement\/job\/","name":"Job &#8226; MCAF","isPartOf":{"@id":"https:\/\/www.fbdm-mcaf.ca\/en\/#website"},"datePublished":"2026-02-17T16:55:00+00:00","breadcrumb":{"@id":"https:\/\/www.fbdm-mcaf.ca\/en\/involvement\/job\/#breadcrumb"},"inLanguage":"en-US","potentialAction":[{"@type":"ReadAction","target":["https:\/\/www.fbdm-mcaf.ca\/en\/involvement\/job\/"]}]},{"@type":"BreadcrumbList","@id":"https:\/\/www.fbdm-mcaf.ca\/en\/involvement\/job\/#breadcrumb","itemListElement":[{"@type":"ListItem","position":1,"name":"Home","item":"https:\/\/www.fbdm-mcaf.ca\/en\/"},{"@type":"ListItem","position":2,"name":"Involvement","item":"https:\/\/www.fbdm-mcaf.ca\/en\/involvement\/"},{"@type":"ListItem","position":3,"name":"Job"}]},{"@type":"WebSite","@id":"https:\/\/www.fbdm-mcaf.ca\/en\/#website","url":"https:\/\/www.fbdm-mcaf.ca\/en\/","name":"MCAF","description":"Montreal Comic Arts Festival","potentialAction":[{"@type":"SearchAction","target":{"@type":"EntryPoint","urlTemplate":"https:\/\/www.fbdm-mcaf.ca\/en\/?s={search_term_string}"},"query-input":{"@type":"PropertyValueSpecification","valueRequired":true,"valueName":"search_term_string"}}],"inLanguage":"en-US"}]}},"ticketed":false,"_links":{"self":[{"href":"https:\/\/www.fbdm-mcaf.ca\/en\/wp-json\/wp\/v2\/pages\/38476","targetHints":{"allow":["GET"]}}],"collection":[{"href":"https:\/\/www.fbdm-mcaf.ca\/en\/wp-json\/wp\/v2\/pages"}],"about":[{"href":"https:\/\/www.fbdm-mcaf.ca\/en\/wp-json\/wp\/v2\/types\/page"}],"author":[{"embeddable":true,"href":"https:\/\/www.fbdm-mcaf.ca\/en\/wp-json\/wp\/v2\/users\/2"}],"replies":[{"embeddable":true,"href":"https:\/\/www.fbdm-mcaf.ca\/en\/wp-json\/wp\/v2\/comments?post=38476"}],"version-history":[{"count":2,"href":"https:\/\/www.fbdm-mcaf.ca\/en\/wp-json\/wp\/v2\/pages\/38476\/revisions"}],"predecessor-version":[{"id":38481,"href":"https:\/\/www.fbdm-mcaf.ca\/en\/wp-json\/wp\/v2\/pages\/38476\/revisions\/38481"}],"up":[{"embeddable":true,"href":"https:\/\/www.fbdm-mcaf.ca\/en\/wp-json\/wp\/v2\/pages\/36750"}],"wp:attachment":[{"href":"https:\/\/www.fbdm-mcaf.ca\/en\/wp-json\/wp\/v2\/media?parent=38476"}],"curies":[{"name":"wp","href":"https:\/\/api.w.org\/{rel}","templated":true}]}}