{"id":35283,"date":"2024-09-30T19:23:34","date_gmt":"2024-09-30T23:23:34","guid":{"rendered":"https:\/\/www.fbdm-mcaf.ca\/?page_id=35283"},"modified":"2025-09-10T16:39:51","modified_gmt":"2025-09-10T20:39:51","slug":"faq-bedelys","status":"publish","type":"page","link":"https:\/\/www.fbdm-mcaf.ca\/en\/bedelys-awards\/faq-bedelys\/","title":{"rendered":"FAQ &#8211; B\u00e9d\u00e9lys"},"content":{"rendered":"\n<h3 class=\"wp-block-heading\">B\u00e9d\u00e9lys Independent Submissions<\/h3>\n\n\n\n<p><strong>I have my own publishing house. Are my comics admissible for the B\u00e9d\u00e9lys Independent Awards?<\/strong><br>Collectives or independent publishing houses that publish an author\u2019s catalog are not eligible. However, if you handle all the production stages of your books yourself, and publish only your own work, they may be admissible. Please contact us to confirm.<\/p>\n\n\n\n<p><strong>My comic was created in 2024 but only printed in 2025. Is it admissible?<\/strong><strong><br><\/strong>Yes, we consider the year of first printing as the year of publication. Reprints are not admissible.&nbsp;<\/p>\n\n\n\n<p><strong>I\u2019ve added content to my comic that I\u2019ve re-edited and republished this year. Is it admissible?<\/strong><strong><br><\/strong>For a re-edition to be accepted, there must be at least 50% new material that has never been published before. If in doubt, please contact us to confirm.<\/p>\n\n\n\n<p><strong>My comic is a collaboration with several artists, a third of whom are from Quebec. Is it admissible?<\/strong><strong><br><\/strong>No, the comic must have been created by 50% or more of admissible artists. For three authors, two of the three must meet the following criteria:<br>\u2013 be Canadian citizens or permanent residents within the meaning of section 2 (1) of the <em>Immigration and Refugee Protection Act<\/em>.<br>\u2013 ordinarily reside in Quebec and have resided there for the past 12 months.&nbsp;<\/p>\n\n\n\n<p><strong>I have published a collection for the first time, which includes previously published stories. Is my collection eligible?<\/strong><\/p>\n\n\n\n<p>No, collections\/anthologies\/best-of compilations are not accepted if the stories they contain have been published before.<\/p>\n\n\n\n<p><strong>My comic has been published in issues, and I\u2019d like to submit all the issues as a volume. Is this possible?<\/strong><strong><br><\/strong>Yes, in the context of the B\u00e9d\u00e9lys Independent Awards, a work is considered whole when it constitutes a story in sequential art, which is transmitted by a physical medium, and submitted in its entirety for evaluation. This means that it\u2019s up to the artist to decide what they consider to be the whole work. In this case, if an issue was published in 2024 and the volume was created in 2025, all issues of the volume are admissible.<\/p>\n\n\n\n<p><strong>My comic has been published in issues, and I\u2019d like to submit each issue individually for review. Is this possible?<\/strong><strong><br><\/strong>Yes, in the context of the B\u00e9d\u00e9lys Independent Awards, a work is considered whole when it constitutes a story in sequential art, which is transmitted by a physical medium, and submitted in its entirety for evaluation. This means that it\u2019s up to the artist to decide what they consider to be the whole work. In this case, if the artist submits two issues published in 2025, they will be evaluated individually and not as a whole, unless otherwise specified.<br>A form must be completed for each issue.<\/p>\n\n\n\n<p><strong>I published my comic in 2024 and its translation in 2025. Is my translation admissible for the B\u00e9d\u00e9lys?<\/strong><strong><br><\/strong>Yes, if you did the translation.<\/p>\n\n\n\n<p><strong>I live outside Quebec, but I made my zine while living in Quebec. Is my comic admissible?<\/strong><strong><br><\/strong>To be admissible, the author, or at least 50% of the authors must be Canadian citizens or permanent residents within the meaning of section 2 (1) of the <em>Immigration and Refugee Protection Act<\/em>. In both cases, the artist must be ordinarily resident in Quebec and have resided there for the past 12 months. So, no, if you no longer reside in Quebec, you\u2019re not admissible.<\/p>\n\n\n\n<p><strong>I self-published my webcomic. The content was put online in 2024, but the print publication was not made until 2025. Is it admissible?<\/strong><strong><br><\/strong>Yes, webcomics that are published for the first time in print are admissible, even if the content was published online in a previous year.<\/p>\n\n\n\n<p><strong>Can I get back the copies sent for my submission to the B\u00e9d\u00e9lys Independent Awards?<\/strong><strong><br><\/strong>No, whether you are a finalist or not, the copies submitted remain the property of MCAF.&nbsp;<\/p>\n\n\n\n<p><strong>Can I submit more than one comic?<\/strong><strong><br><\/strong>Yes, there is no limit to the number of comics you can submit per year.<br>A form must be completed for each submission.<\/p>\n\n\n\n<p><strong>If you have any other questions, please write to&nbsp;<a href=\"mailto:bedelys@fbdm-mcaf.ca\">bedelys@fbdm-mcaf.ca<\/a>.<\/strong><\/p>\n","protected":false},"excerpt":{"rendered":"<p class=\"post-excerpt\">B\u00e9d\u00e9lys Independent Submissions<\/p>\n<p><strong>I have my own publishing house. Are my comics admissible for the B\u00e9d\u00e9lys Independent Awards?<\/strong><br \/>Collectives or independent publishing houses that publish an author\u2019s catalog are not eligible. However, if you handle all the production stages of your books yourself, and publish only your own work,<\/p>\n<p>&#8230;<\/p>\n<p><a class=\"post-learn-more\" href=\"https:\/\/www.fbdm-mcaf.ca\/en\/bedelys-awards\/faq-bedelys\/\">Read more<span>&nbsp;><\/span><\/a><\/p><\/p>\n","protected":false},"author":2,"featured_media":0,"parent":20211,"menu_order":182,"comment_status":"closed","ping_status":"closed","template":"","meta":{"_acf_changed":false,"_price":"","_stock":"","_tribe_ticket_header":"","_tribe_default_ticket_provider":"","_tribe_ticket_capacity":"0","_ticket_start_date":"","_ticket_end_date":"","_tribe_ticket_show_description":"","_tribe_ticket_show_not_going":false,"_tribe_ticket_use_global_stock":"","_tribe_ticket_global_stock_level":"","_global_stock_mode":"","_global_stock_cap":"","_tribe_rsvp_for_event":"","_tribe_ticket_going_count":"","_tribe_ticket_not_going_count":"","_tribe_tickets_list":"[]","_tribe_ticket_has_attendee_info_fields":false,"footnotes":"","_tec_slr_enabled":"","_tec_slr_layout":""},"class_list":["post-35283","page","type-page","status-publish","hentry"],"acf":[],"yoast_head":"<!-- This site is optimized with the Yoast SEO plugin v27.5 - https:\/\/yoast.com\/product\/yoast-seo-wordpress\/ -->\n<title>FAQ - B\u00e9d\u00e9lys &#8226; MCAF<\/title>\n<meta name=\"robots\" content=\"index, follow, max-snippet:-1, max-image-preview:large, max-video-preview:-1\" \/>\n<link rel=\"canonical\" href=\"https:\/\/www.fbdm-mcaf.ca\/en\/bedelys-awards\/faq-bedelys\/\" \/>\n<meta property=\"og:locale\" content=\"en_US\" \/>\n<meta property=\"og:type\" content=\"article\" \/>\n<meta property=\"og:title\" content=\"FAQ - B\u00e9d\u00e9lys &#8226; MCAF\" \/>\n<meta property=\"og:description\" content=\"B\u00e9d\u00e9lys Independent Submissions  I have my own publishing house. Are my comics admissible for the B\u00e9d\u00e9lys Independent Awards?Collectives or independent publishing houses that publish an author\u2019s catalog are not eligible. However, if you handle all the production stages of your books yourself, and publish only your own work,...Read more&nbsp;&gt;\" \/>\n<meta property=\"og:url\" content=\"https:\/\/www.fbdm-mcaf.ca\/en\/bedelys-awards\/faq-bedelys\/\" \/>\n<meta property=\"og:site_name\" content=\"MCAF\" \/>\n<meta property=\"article:publisher\" content=\"https:\/\/www.facebook.com\/FestivalBDMontreal\/\" \/>\n<meta property=\"article:modified_time\" content=\"2025-09-10T20:39:51+00:00\" \/>\n<meta property=\"og:image\" content=\"https:\/\/www.fbdm-mcaf.ca\/wp-content\/uploads\/FBDM_logo_WEB.png\" \/>\n\t<meta property=\"og:image:width\" content=\"390\" \/>\n\t<meta property=\"og:image:height\" content=\"317\" \/>\n\t<meta property=\"og:image:type\" content=\"image\/png\" \/>\n<meta name=\"twitter:card\" content=\"summary_large_image\" \/>\n<meta name=\"twitter:site\" content=\"@fbdm_mtl\" \/>\n<meta name=\"twitter:label1\" content=\"Est. reading time\" \/>\n\t<meta name=\"twitter:data1\" content=\"4 minutes\" \/>\n<script type=\"application\/ld+json\" class=\"yoast-schema-graph\">{\"@context\":\"https:\\\/\\\/schema.org\",\"@graph\":[{\"@type\":\"WebPage\",\"@id\":\"https:\\\/\\\/www.fbdm-mcaf.ca\\\/en\\\/bedelys-awards\\\/faq-bedelys\\\/\",\"url\":\"https:\\\/\\\/www.fbdm-mcaf.ca\\\/en\\\/bedelys-awards\\\/faq-bedelys\\\/\",\"name\":\"FAQ - B\u00e9d\u00e9lys &#8226; MCAF\",\"isPartOf\":{\"@id\":\"https:\\\/\\\/www.fbdm-mcaf.ca\\\/en\\\/#website\"},\"datePublished\":\"2024-09-30T23:23:34+00:00\",\"dateModified\":\"2025-09-10T20:39:51+00:00\",\"breadcrumb\":{\"@id\":\"https:\\\/\\\/www.fbdm-mcaf.ca\\\/en\\\/bedelys-awards\\\/faq-bedelys\\\/#breadcrumb\"},\"inLanguage\":\"en-US\",\"potentialAction\":[{\"@type\":\"ReadAction\",\"target\":[\"https:\\\/\\\/www.fbdm-mcaf.ca\\\/en\\\/bedelys-awards\\\/faq-bedelys\\\/\"]}]},{\"@type\":\"BreadcrumbList\",\"@id\":\"https:\\\/\\\/www.fbdm-mcaf.ca\\\/en\\\/bedelys-awards\\\/faq-bedelys\\\/#breadcrumb\",\"itemListElement\":[{\"@type\":\"ListItem\",\"position\":1,\"name\":\"Home\",\"item\":\"https:\\\/\\\/www.fbdm-mcaf.ca\\\/en\\\/\"},{\"@type\":\"ListItem\",\"position\":2,\"name\":\"B\u00e9d\u00e9lys Awards\",\"item\":\"https:\\\/\\\/www.fbdm-mcaf.ca\\\/en\\\/bedelys-awards\\\/\"},{\"@type\":\"ListItem\",\"position\":3,\"name\":\"FAQ &#8211; B\u00e9d\u00e9lys\"}]},{\"@type\":\"WebSite\",\"@id\":\"https:\\\/\\\/www.fbdm-mcaf.ca\\\/en\\\/#website\",\"url\":\"https:\\\/\\\/www.fbdm-mcaf.ca\\\/en\\\/\",\"name\":\"MCAF\",\"description\":\"Montreal Comic Arts Festival\",\"potentialAction\":[{\"@type\":\"SearchAction\",\"target\":{\"@type\":\"EntryPoint\",\"urlTemplate\":\"https:\\\/\\\/www.fbdm-mcaf.ca\\\/en\\\/?s={search_term_string}\"},\"query-input\":{\"@type\":\"PropertyValueSpecification\",\"valueRequired\":true,\"valueName\":\"search_term_string\"}}],\"inLanguage\":\"en-US\"}]}<\/script>\n<!-- \/ Yoast SEO plugin. -->","yoast_head_json":{"title":"FAQ - B\u00e9d\u00e9lys &#8226; MCAF","robots":{"index":"index","follow":"follow","max-snippet":"max-snippet:-1","max-image-preview":"max-image-preview:large","max-video-preview":"max-video-preview:-1"},"canonical":"https:\/\/www.fbdm-mcaf.ca\/en\/bedelys-awards\/faq-bedelys\/","og_locale":"en_US","og_type":"article","og_title":"FAQ - B\u00e9d\u00e9lys &#8226; MCAF","og_description":"B\u00e9d\u00e9lys Independent Submissions  I have my own publishing house. Are my comics admissible for the B\u00e9d\u00e9lys Independent Awards?Collectives or independent publishing houses that publish an author\u2019s catalog are not eligible. However, if you handle all the production stages of your books yourself, and publish only your own work,...Read more&nbsp;>","og_url":"https:\/\/www.fbdm-mcaf.ca\/en\/bedelys-awards\/faq-bedelys\/","og_site_name":"MCAF","article_publisher":"https:\/\/www.facebook.com\/FestivalBDMontreal\/","article_modified_time":"2025-09-10T20:39:51+00:00","og_image":[{"width":390,"height":317,"url":"https:\/\/www.fbdm-mcaf.ca\/wp-content\/uploads\/FBDM_logo_WEB.png","type":"image\/png"}],"twitter_card":"summary_large_image","twitter_site":"@fbdm_mtl","twitter_misc":{"Est. reading time":"4 minutes"},"schema":{"@context":"https:\/\/schema.org","@graph":[{"@type":"WebPage","@id":"https:\/\/www.fbdm-mcaf.ca\/en\/bedelys-awards\/faq-bedelys\/","url":"https:\/\/www.fbdm-mcaf.ca\/en\/bedelys-awards\/faq-bedelys\/","name":"FAQ - B\u00e9d\u00e9lys &#8226; MCAF","isPartOf":{"@id":"https:\/\/www.fbdm-mcaf.ca\/en\/#website"},"datePublished":"2024-09-30T23:23:34+00:00","dateModified":"2025-09-10T20:39:51+00:00","breadcrumb":{"@id":"https:\/\/www.fbdm-mcaf.ca\/en\/bedelys-awards\/faq-bedelys\/#breadcrumb"},"inLanguage":"en-US","potentialAction":[{"@type":"ReadAction","target":["https:\/\/www.fbdm-mcaf.ca\/en\/bedelys-awards\/faq-bedelys\/"]}]},{"@type":"BreadcrumbList","@id":"https:\/\/www.fbdm-mcaf.ca\/en\/bedelys-awards\/faq-bedelys\/#breadcrumb","itemListElement":[{"@type":"ListItem","position":1,"name":"Home","item":"https:\/\/www.fbdm-mcaf.ca\/en\/"},{"@type":"ListItem","position":2,"name":"B\u00e9d\u00e9lys Awards","item":"https:\/\/www.fbdm-mcaf.ca\/en\/bedelys-awards\/"},{"@type":"ListItem","position":3,"name":"FAQ &#8211; B\u00e9d\u00e9lys"}]},{"@type":"WebSite","@id":"https:\/\/www.fbdm-mcaf.ca\/en\/#website","url":"https:\/\/www.fbdm-mcaf.ca\/en\/","name":"MCAF","description":"Montreal Comic Arts Festival","potentialAction":[{"@type":"SearchAction","target":{"@type":"EntryPoint","urlTemplate":"https:\/\/www.fbdm-mcaf.ca\/en\/?s={search_term_string}"},"query-input":{"@type":"PropertyValueSpecification","valueRequired":true,"valueName":"search_term_string"}}],"inLanguage":"en-US"}]}},"ticketed":false,"_links":{"self":[{"href":"https:\/\/www.fbdm-mcaf.ca\/en\/wp-json\/wp\/v2\/pages\/35283","targetHints":{"allow":["GET"]}}],"collection":[{"href":"https:\/\/www.fbdm-mcaf.ca\/en\/wp-json\/wp\/v2\/pages"}],"about":[{"href":"https:\/\/www.fbdm-mcaf.ca\/en\/wp-json\/wp\/v2\/types\/page"}],"author":[{"embeddable":true,"href":"https:\/\/www.fbdm-mcaf.ca\/en\/wp-json\/wp\/v2\/users\/2"}],"replies":[{"embeddable":true,"href":"https:\/\/www.fbdm-mcaf.ca\/en\/wp-json\/wp\/v2\/comments?post=35283"}],"version-history":[{"count":3,"href":"https:\/\/www.fbdm-mcaf.ca\/en\/wp-json\/wp\/v2\/pages\/35283\/revisions"}],"predecessor-version":[{"id":37705,"href":"https:\/\/www.fbdm-mcaf.ca\/en\/wp-json\/wp\/v2\/pages\/35283\/revisions\/37705"}],"up":[{"embeddable":true,"href":"https:\/\/www.fbdm-mcaf.ca\/en\/wp-json\/wp\/v2\/pages\/20211"}],"wp:attachment":[{"href":"https:\/\/www.fbdm-mcaf.ca\/en\/wp-json\/wp\/v2\/media?parent=35283"}],"curies":[{"name":"wp","href":"https:\/\/api.w.org\/{rel}","templated":true}]}}