    {"id":29940,"date":"2022-09-05T21:58:41","date_gmt":"2022-09-06T01:58:41","guid":{"rendered":"https:\/\/www.fbdm-mcaf.ca\/?page_id=29940"},"modified":"2022-09-05T22:13:21","modified_gmt":"2022-09-06T02:13:21","slug":"2022-making-connections","status":"publish","type":"page","link":"https:\/\/www.fbdm-mcaf.ca\/en\/comic-arts-festival\/past-editions\/2022-making-connections\/","title":{"rendered":"2022 &#8211; Making Connections"},"content":{"rendered":"\n<h2 class=\"wp-block-heading\">MCAF Takes Over Saint-Denis Street<\/h2>\n\n\n\n<p>The 11th annual Montreal Comic Arts Festival, presented in collaboration with the Journal de Montr\u00e9al, took place from May 27 to 29 on Saint-Denis Street. The SDC Rue Saint-Denis and its merchants warmly welcomed the Festival and the public to Saint-Denis Street for the first time ever. This change of location was received with enthusiasm by the more than\u00a0<strong>80,000 people who came out for the occasion<\/strong>! It was a real celebration of comics and the MCAF team can\u2019t wait for next year. Here is a non-exhaustive report of this successful weekend.\u00a0<\/p>\n\n\n\n<h2 class=\"wp-block-heading\"><strong>Making Connections\u00a0<\/strong><\/h2>\n\n\n<div class=\"wp-block-image\">\n<figure class=\"alignright size-medium\"><img loading=\"lazy\" decoding=\"async\" width=\"200\" height=\"300\" src=\"https:\/\/www.fbdm-mcaf.ca\/wp-content\/uploads\/\/FBDM-2022_Affiche_12x18-final_WEB-200x300.png\" alt=\"\" class=\"wp-image-29539\" srcset=\"https:\/\/www.fbdm-mcaf.ca\/wp-content\/uploads\/FBDM-2022_Affiche_12x18-final_WEB-200x300.png 200w, https:\/\/www.fbdm-mcaf.ca\/wp-content\/uploads\/FBDM-2022_Affiche_12x18-final_WEB-683x1024.png 683w, https:\/\/www.fbdm-mcaf.ca\/wp-content\/uploads\/FBDM-2022_Affiche_12x18-final_WEB-768x1152.png 768w, https:\/\/www.fbdm-mcaf.ca\/wp-content\/uploads\/FBDM-2022_Affiche_12x18-final_WEB-710x1065.png 710w, https:\/\/www.fbdm-mcaf.ca\/wp-content\/uploads\/FBDM-2022_Affiche_12x18-final_WEB-250x375.png 250w, https:\/\/www.fbdm-mcaf.ca\/wp-content\/uploads\/FBDM-2022_Affiche_12x18-final_WEB-550x825.png 550w, https:\/\/www.fbdm-mcaf.ca\/wp-content\/uploads\/FBDM-2022_Affiche_12x18-final_WEB-800x1200.png 800w, https:\/\/www.fbdm-mcaf.ca\/wp-content\/uploads\/FBDM-2022_Affiche_12x18-final_WEB-120x180.png 120w, https:\/\/www.fbdm-mcaf.ca\/wp-content\/uploads\/FBDM-2022_Affiche_12x18-final_WEB-333x500.png 333w, https:\/\/www.fbdm-mcaf.ca\/wp-content\/uploads\/FBDM-2022_Affiche_12x18-final_WEB.png 864w\" sizes=\"auto, (max-width: 200px) 100vw, 200px\" \/><figcaption>2022 Poster &#8211; Michel Rabagliati<\/figcaption><\/figure>\n<\/div>\n\n\n<h3 class=\"wp-block-heading\"><strong>Poster Art by the Legendary Michel Rabagliati<\/strong><\/h3>\n\n\n\n<p>L\u2019\u00e9quipe du festival s\u2019est tourn\u00e9e vers Michel Rabagliati pour illustrer \u00e0 la fois ce The festival team turned to Michel Rabagliati to illustrate both the poster for our 11th annual Festival as well as&nbsp; the cover of our latest anthology,&nbsp;<em>Rencontres<\/em>. The creator of \u201cPaul\u201d has been MCAF\u2019s greatest ambassador since the Festival first set up its tents over a decade ago. His continual enthusiasm and unconditional aid have made him a key supporter of the Festival, and we can never thank him enough.<\/p>\n\n\n\n<h2 class=\"wp-block-heading\"><strong>This Year\u2019s Theme: Making Connections<\/strong><\/h2>\n\n\n\n<p>A festival is by definition a place of encounter, discovery and learning, a mission we take seriously. But beyond meeting others, it is the spirit of community and exchange that increasingly drives creation. This is why our 2022 theme, \u201cMaking Connections,\u201d highlights this important aspect of comics and art in general.&nbsp;<\/p>\n\n\n\n<p>This year, we are focusing on the art of conversation, by inviting creators to discuss subjects that are common to them in the form of a round table or a discussion for two. Topics such as spirituality, adaptation in comics, queer creation, anthropomorphism, punk culture and art will be the subject of exchanges between comic book creators and other members of the comics industry.<\/p>\n\n\n\n<p>The weekend will be punctuated by a dozen free drawing workshops that will allow festival-goers to learn more about the art of comic book creation. And of course, let\u2019s not forget the live drawing performances, which will be an opportunity to see the artists at work, and sometimes even to guide their creative impulses.<\/p>\n\n\n\n<h3 class=\"wp-block-heading\"><strong>Honouring Quebec Comics<\/strong><\/h3>\n\n\n\n<p>For more than ten years now, the Festival has been welcoming Quebec comic artists and offering them a platform to showcase their art. What a pleasure to see these creators return year after year with their new books and creations, and this year will be no exception!<\/p>\n\n\n\n<p>The recent high honours bestowed on members of the Quebec comics community, notably at Angoul\u00eame International Comics Festival, have confirmed the choices of our programming committee. Julie Doucet, winner of the Angoul\u00eame Grand Prix, will be in conversation with Jessica Campbell, creator of the new graphic novel&nbsp;<em>Rave<\/em>. Christian Quesnel, who received the Eco-Fauve Raja Award and the Grand Prix de la ville de Qu\u00e9bec for&nbsp;<em>M\u00e9gantic, un train dans la nuit<\/em>, will be part of the panel on History with Marc Tessier and Emanuelle Dufour. We will also have the pleasure of welcoming Jean-Paul Eid, whose latest book,&nbsp;<em>Le petit astronaute<\/em>, won the ACBD Critics Award. He will be discussing stories of resilience with Marcello Quintanilha and \u00c9lo\u00efse Marseille.<\/p>\n\n\n\n<p>Furthermore, the Quebec youth author Alex A., known for his series<em>&nbsp;L\u2019Agent Jean<\/em>, will also be on the program along with other local comic artists including: Jade Armstrong, Eloisa Aquino, Jean-S\u00e9bastien B\u00e9rub\u00e9, Cab, Cathon, Olivier Hamel and Olivier Carpentier, Jeik Dion, Iris, Philippe Lemieux and Garry, Billy Mavreas, Catherine Ocelot, Obom, Yanick Paquette, Salgood Sam and Zviane.&nbsp;<\/p>\n\n\n\n<h3 class=\"wp-block-heading\"><strong>Welcoming International Guests<\/strong><\/h3>\n\n\n\n<p>For the first time, MCAF will have the pleasure of welcoming artists hailing from Brazil, with Marcello Quintanilha (\u00c9<em>coute, jolie Marcia<\/em>) and Marcelo Lelis (<em>En fuite<\/em>!) in attendance. This year\u2019s Festival will also feature an exhibition on Chilean women in comics, installed along our comics route. Chilean author Berna Labourdette and editor Vivian Lavin will be on hand to present the work and discuss the rich history of the 9th Art of this South American country.<\/p>\n\n\n\n<p>The European continent will also be well-represented, including appearances by Brecht Evens (<em>City of Belgium<\/em>); Elene Usdin (<em>Ren\u00e9.e aux bois dormants<\/em>), L\u00e9a Murawiec&nbsp;<em>(Le grand vide<\/em>), Juni Ba (<em>Monkey Meat<\/em>), and of course a special appearance by Diane Le Feyer and Mr Tan the creators of the hit series&nbsp;<em>Mortelle Ad\u00e8le<\/em>. We will also welcome from Italy Lorena Canottiere and Pietro Scarnera, and the German creator Katharina Greve.&nbsp;<\/p>\n","protected":false},"excerpt":{"rendered":"<p class=\"post-excerpt\">MCAF Takes Over Saint-Denis Street<\/p>\n<p>The 11th annual Montreal Comic Arts Festival, presented in collaboration with the Journal de Montr\u00e9al, took place from May 27 to 29 on Saint-Denis Street. The SDC Rue Saint-Denis and its merchants warmly welcomed the Festival and the public to Saint-Denis Street for the first time ever.<\/p>\n<p>&#8230;<\/p>\n<p><a class=\"post-learn-more\" href=\"https:\/\/www.fbdm-mcaf.ca\/en\/comic-arts-festival\/past-editions\/2022-making-connections\/\">Read more<span>&nbsp;><\/span><\/a><\/p><\/p>\n","protected":false},"author":1,"featured_media":29539,"parent":24283,"menu_order":93,"comment_status":"closed","ping_status":"closed","template":"page-templates\/template-landing-section-column.php","meta":{"_acf_changed":false,"_price":"","_stock":"","_tribe_ticket_header":"","_tribe_default_ticket_provider":"","_tribe_ticket_capacity":"0","_ticket_start_date":"","_ticket_end_date":"","_tribe_ticket_show_description":"","_tribe_ticket_show_not_going":false,"_tribe_ticket_use_global_stock":"","_tribe_ticket_global_stock_level":"","_global_stock_mode":"","_global_stock_cap":"","_tribe_rsvp_for_event":"","_tribe_ticket_going_count":"","_tribe_ticket_not_going_count":"","_tribe_tickets_list":"[]","_tribe_ticket_has_attendee_info_fields":false,"footnotes":"","_tec_slr_enabled":"","_tec_slr_layout":""},"class_list":["post-29940","page","type-page","status-publish","has-post-thumbnail","hentry"],"acf":[],"yoast_head":"<!-- This site is optimized with the Yoast SEO plugin v27.5 - https:\/\/yoast.com\/product\/yoast-seo-wordpress\/ -->\n<title>2022 - Making Connections &#8226; MCAF<\/title>\n<meta name=\"robots\" content=\"index, follow, max-snippet:-1, max-image-preview:large, max-video-preview:-1\" \/>\n<link rel=\"canonical\" href=\"https:\/\/www.fbdm-mcaf.ca\/en\/comic-arts-festival\/past-editions\/2022-making-connections\/\" \/>\n<meta property=\"og:locale\" content=\"en_US\" \/>\n<meta property=\"og:type\" content=\"article\" \/>\n<meta property=\"og:title\" content=\"2022 - Making Connections &#8226; MCAF\" \/>\n<meta property=\"og:description\" content=\"MCAF Takes Over Saint-Denis Street  The 11th annual Montreal Comic Arts Festival, presented in collaboration with the Journal de Montr\u00e9al, took place from May 27 to 29 on Saint-Denis Street. The SDC Rue Saint-Denis and its merchants warmly welcomed the Festival and the public to Saint-Denis Street for the first time ever....Read more&nbsp;&gt;\" \/>\n<meta property=\"og:url\" content=\"https:\/\/www.fbdm-mcaf.ca\/en\/comic-arts-festival\/past-editions\/2022-making-connections\/\" \/>\n<meta property=\"og:site_name\" content=\"MCAF\" \/>\n<meta property=\"article:publisher\" content=\"https:\/\/www.facebook.com\/FestivalBDMontreal\/\" \/>\n<meta property=\"article:modified_time\" content=\"2022-09-06T02:13:21+00:00\" \/>\n<meta property=\"og:image\" content=\"https:\/\/www.fbdm-mcaf.ca\/wp-content\/uploads\/FBDM-2022_Affiche_12x18-final_WEB-683x1024.png\" \/>\n\t<meta property=\"og:image:width\" content=\"683\" \/>\n\t<meta property=\"og:image:height\" content=\"1024\" \/>\n\t<meta property=\"og:image:type\" content=\"image\/png\" \/>\n<meta name=\"twitter:card\" content=\"summary_large_image\" \/>\n<meta name=\"twitter:site\" content=\"@fbdm_mtl\" \/>\n<meta name=\"twitter:label1\" content=\"Est. reading time\" \/>\n\t<meta name=\"twitter:data1\" content=\"4 minutes\" \/>\n<script type=\"application\/ld+json\" class=\"yoast-schema-graph\">{\"@context\":\"https:\\\/\\\/schema.org\",\"@graph\":[{\"@type\":\"WebPage\",\"@id\":\"https:\\\/\\\/www.fbdm-mcaf.ca\\\/en\\\/comic-arts-festival\\\/past-editions\\\/2022-making-connections\\\/\",\"url\":\"https:\\\/\\\/www.fbdm-mcaf.ca\\\/en\\\/comic-arts-festival\\\/past-editions\\\/2022-making-connections\\\/\",\"name\":\"2022 - Making Connections &#8226; MCAF\",\"isPartOf\":{\"@id\":\"https:\\\/\\\/www.fbdm-mcaf.ca\\\/en\\\/#website\"},\"primaryImageOfPage\":{\"@id\":\"https:\\\/\\\/www.fbdm-mcaf.ca\\\/en\\\/comic-arts-festival\\\/past-editions\\\/2022-making-connections\\\/#primaryimage\"},\"image\":{\"@id\":\"https:\\\/\\\/www.fbdm-mcaf.ca\\\/en\\\/comic-arts-festival\\\/past-editions\\\/2022-making-connections\\\/#primaryimage\"},\"thumbnailUrl\":\"https:\\\/\\\/www.fbdm-mcaf.ca\\\/wp-content\\\/uploads\\\/FBDM-2022_Affiche_12x18-final_WEB.png\",\"datePublished\":\"2022-09-06T01:58:41+00:00\",\"dateModified\":\"2022-09-06T02:13:21+00:00\",\"breadcrumb\":{\"@id\":\"https:\\\/\\\/www.fbdm-mcaf.ca\\\/en\\\/comic-arts-festival\\\/past-editions\\\/2022-making-connections\\\/#breadcrumb\"},\"inLanguage\":\"en-US\",\"potentialAction\":[{\"@type\":\"ReadAction\",\"target\":[\"https:\\\/\\\/www.fbdm-mcaf.ca\\\/en\\\/comic-arts-festival\\\/past-editions\\\/2022-making-connections\\\/\"]}]},{\"@type\":\"ImageObject\",\"inLanguage\":\"en-US\",\"@id\":\"https:\\\/\\\/www.fbdm-mcaf.ca\\\/en\\\/comic-arts-festival\\\/past-editions\\\/2022-making-connections\\\/#primaryimage\",\"url\":\"https:\\\/\\\/www.fbdm-mcaf.ca\\\/wp-content\\\/uploads\\\/FBDM-2022_Affiche_12x18-final_WEB.png\",\"contentUrl\":\"https:\\\/\\\/www.fbdm-mcaf.ca\\\/wp-content\\\/uploads\\\/FBDM-2022_Affiche_12x18-final_WEB.png\",\"width\":864,\"height\":1296},{\"@type\":\"BreadcrumbList\",\"@id\":\"https:\\\/\\\/www.fbdm-mcaf.ca\\\/en\\\/comic-arts-festival\\\/past-editions\\\/2022-making-connections\\\/#breadcrumb\",\"itemListElement\":[{\"@type\":\"ListItem\",\"position\":1,\"name\":\"Home\",\"item\":\"https:\\\/\\\/www.fbdm-mcaf.ca\\\/en\\\/\"},{\"@type\":\"ListItem\",\"position\":2,\"name\":\"The Festival\",\"item\":\"https:\\\/\\\/www.fbdm-mcaf.ca\\\/en\\\/comic-arts-festival\\\/\"},{\"@type\":\"ListItem\",\"position\":3,\"name\":\"Past Editions\",\"item\":\"https:\\\/\\\/www.fbdm-mcaf.ca\\\/en\\\/comic-arts-festival\\\/past-editions\\\/\"},{\"@type\":\"ListItem\",\"position\":4,\"name\":\"2022 &#8211; Making Connections\"}]},{\"@type\":\"WebSite\",\"@id\":\"https:\\\/\\\/www.fbdm-mcaf.ca\\\/en\\\/#website\",\"url\":\"https:\\\/\\\/www.fbdm-mcaf.ca\\\/en\\\/\",\"name\":\"MCAF\",\"description\":\"Montreal Comic Arts Festival\",\"potentialAction\":[{\"@type\":\"SearchAction\",\"target\":{\"@type\":\"EntryPoint\",\"urlTemplate\":\"https:\\\/\\\/www.fbdm-mcaf.ca\\\/en\\\/?s={search_term_string}\"},\"query-input\":{\"@type\":\"PropertyValueSpecification\",\"valueRequired\":true,\"valueName\":\"search_term_string\"}}],\"inLanguage\":\"en-US\"}]}<\/script>\n<!-- \/ Yoast SEO plugin. -->","yoast_head_json":{"title":"2022 - Making Connections &#8226; MCAF","robots":{"index":"index","follow":"follow","max-snippet":"max-snippet:-1","max-image-preview":"max-image-preview:large","max-video-preview":"max-video-preview:-1"},"canonical":"https:\/\/www.fbdm-mcaf.ca\/en\/comic-arts-festival\/past-editions\/2022-making-connections\/","og_locale":"en_US","og_type":"article","og_title":"2022 - Making Connections &#8226; MCAF","og_description":"MCAF Takes Over Saint-Denis Street  The 11th annual Montreal Comic Arts Festival, presented in collaboration with the Journal de Montr\u00e9al, took place from May 27 to 29 on Saint-Denis Street. The SDC Rue Saint-Denis and its merchants warmly welcomed the Festival and the public to Saint-Denis Street for the first time ever....Read more&nbsp;>","og_url":"https:\/\/www.fbdm-mcaf.ca\/en\/comic-arts-festival\/past-editions\/2022-making-connections\/","og_site_name":"MCAF","article_publisher":"https:\/\/www.facebook.com\/FestivalBDMontreal\/","article_modified_time":"2022-09-06T02:13:21+00:00","og_image":[{"width":683,"height":1024,"url":"https:\/\/www.fbdm-mcaf.ca\/wp-content\/uploads\/FBDM-2022_Affiche_12x18-final_WEB-683x1024.png","type":"image\/png"}],"twitter_card":"summary_large_image","twitter_site":"@fbdm_mtl","twitter_misc":{"Est. reading time":"4 minutes"},"schema":{"@context":"https:\/\/schema.org","@graph":[{"@type":"WebPage","@id":"https:\/\/www.fbdm-mcaf.ca\/en\/comic-arts-festival\/past-editions\/2022-making-connections\/","url":"https:\/\/www.fbdm-mcaf.ca\/en\/comic-arts-festival\/past-editions\/2022-making-connections\/","name":"2022 - Making Connections &#8226; MCAF","isPartOf":{"@id":"https:\/\/www.fbdm-mcaf.ca\/en\/#website"},"primaryImageOfPage":{"@id":"https:\/\/www.fbdm-mcaf.ca\/en\/comic-arts-festival\/past-editions\/2022-making-connections\/#primaryimage"},"image":{"@id":"https:\/\/www.fbdm-mcaf.ca\/en\/comic-arts-festival\/past-editions\/2022-making-connections\/#primaryimage"},"thumbnailUrl":"https:\/\/www.fbdm-mcaf.ca\/wp-content\/uploads\/FBDM-2022_Affiche_12x18-final_WEB.png","datePublished":"2022-09-06T01:58:41+00:00","dateModified":"2022-09-06T02:13:21+00:00","breadcrumb":{"@id":"https:\/\/www.fbdm-mcaf.ca\/en\/comic-arts-festival\/past-editions\/2022-making-connections\/#breadcrumb"},"inLanguage":"en-US","potentialAction":[{"@type":"ReadAction","target":["https:\/\/www.fbdm-mcaf.ca\/en\/comic-arts-festival\/past-editions\/2022-making-connections\/"]}]},{"@type":"ImageObject","inLanguage":"en-US","@id":"https:\/\/www.fbdm-mcaf.ca\/en\/comic-arts-festival\/past-editions\/2022-making-connections\/#primaryimage","url":"https:\/\/www.fbdm-mcaf.ca\/wp-content\/uploads\/FBDM-2022_Affiche_12x18-final_WEB.png","contentUrl":"https:\/\/www.fbdm-mcaf.ca\/wp-content\/uploads\/FBDM-2022_Affiche_12x18-final_WEB.png","width":864,"height":1296},{"@type":"BreadcrumbList","@id":"https:\/\/www.fbdm-mcaf.ca\/en\/comic-arts-festival\/past-editions\/2022-making-connections\/#breadcrumb","itemListElement":[{"@type":"ListItem","position":1,"name":"Home","item":"https:\/\/www.fbdm-mcaf.ca\/en\/"},{"@type":"ListItem","position":2,"name":"The Festival","item":"https:\/\/www.fbdm-mcaf.ca\/en\/comic-arts-festival\/"},{"@type":"ListItem","position":3,"name":"Past Editions","item":"https:\/\/www.fbdm-mcaf.ca\/en\/comic-arts-festival\/past-editions\/"},{"@type":"ListItem","position":4,"name":"2022 &#8211; Making Connections"}]},{"@type":"WebSite","@id":"https:\/\/www.fbdm-mcaf.ca\/en\/#website","url":"https:\/\/www.fbdm-mcaf.ca\/en\/","name":"MCAF","description":"Montreal Comic Arts Festival","potentialAction":[{"@type":"SearchAction","target":{"@type":"EntryPoint","urlTemplate":"https:\/\/www.fbdm-mcaf.ca\/en\/?s={search_term_string}"},"query-input":{"@type":"PropertyValueSpecification","valueRequired":true,"valueName":"search_term_string"}}],"inLanguage":"en-US"}]}},"ticketed":false,"_links":{"self":[{"href":"https:\/\/www.fbdm-mcaf.ca\/en\/wp-json\/wp\/v2\/pages\/29940","targetHints":{"allow":["GET"]}}],"collection":[{"href":"https:\/\/www.fbdm-mcaf.ca\/en\/wp-json\/wp\/v2\/pages"}],"about":[{"href":"https:\/\/www.fbdm-mcaf.ca\/en\/wp-json\/wp\/v2\/types\/page"}],"author":[{"embeddable":true,"href":"https:\/\/www.fbdm-mcaf.ca\/en\/wp-json\/wp\/v2\/users\/1"}],"replies":[{"embeddable":true,"href":"https:\/\/www.fbdm-mcaf.ca\/en\/wp-json\/wp\/v2\/comments?post=29940"}],"version-history":[{"count":4,"href":"https:\/\/www.fbdm-mcaf.ca\/en\/wp-json\/wp\/v2\/pages\/29940\/revisions"}],"predecessor-version":[{"id":29959,"href":"https:\/\/www.fbdm-mcaf.ca\/en\/wp-json\/wp\/v2\/pages\/29940\/revisions\/29959"}],"up":[{"embeddable":true,"href":"https:\/\/www.fbdm-mcaf.ca\/en\/wp-json\/wp\/v2\/pages\/24283"}],"wp:featuredmedia":[{"embeddable":true,"href":"https:\/\/www.fbdm-mcaf.ca\/en\/wp-json\/wp\/v2\/media\/29539"}],"wp:attachment":[{"href":"https:\/\/www.fbdm-mcaf.ca\/en\/wp-json\/wp\/v2\/media?parent=29940"}],"curies":[{"name":"wp","href":"https:\/\/api.w.org\/{rel}","templated":true}]}}