{"id":28824,"date":"2022-04-21T14:59:15","date_gmt":"2022-04-21T18:59:15","guid":{"rendered":"https:\/\/www.fbdm-mcaf.ca\/?page_id=28824"},"modified":"2025-09-11T22:32:49","modified_gmt":"2025-09-12T02:32:49","slug":"exhibitions","status":"publish","type":"page","link":"https:\/\/www.fbdm-mcaf.ca\/en\/comic-arts-festival\/past-editions\/2024-beyond-borders\/exhibitions\/","title":{"rendered":"2024 &#8211; Exhibitions"},"content":{"rendered":"\n<p><strong><strong>Some exhibitions will be set up ahead of the festival to allow more time to enjoy them.<\/strong><\/strong><\/p>\n\n\n\n<ul class=\"wp-block-list\">\n<li><strong>Jeremy Perrodeau, at Quai des Brumes from May 2 to 29, 2024<\/strong>\n<ul class=\"wp-block-list\">\n<li>Discover the creative stages of Jeremy Perrodeau\u2019s comic book <em>Le visage de Pavil<\/em>, published by \u00e9ditions 2024. From the sketchbook to coloring, layout and inking, this exhibition shows the creative process behind a work finalist for the 25th B\u00e9d\u00e9lys International Award.<\/li>\n<\/ul>\n<\/li>\n<\/ul>\n\n\n\n<p><\/p>\n\n\n<div class=\"wp-block-image\">\n<figure class=\"alignright size-full is-resized\"><img loading=\"lazy\" decoding=\"async\" width=\"2560\" height=\"1920\" src=\"https:\/\/www.fbdm-mcaf.ca\/wp-content\/uploads\/IMG_3693-scaled.jpg\" alt=\"\" class=\"wp-image-34447\" style=\"width:250px\" srcset=\"https:\/\/www.fbdm-mcaf.ca\/wp-content\/uploads\/IMG_3693-scaled.jpg 2560w, https:\/\/www.fbdm-mcaf.ca\/wp-content\/uploads\/IMG_3693-300x225.jpg 300w, https:\/\/www.fbdm-mcaf.ca\/wp-content\/uploads\/IMG_3693-1024x768.jpg 1024w, https:\/\/www.fbdm-mcaf.ca\/wp-content\/uploads\/IMG_3693-768x576.jpg 768w, https:\/\/www.fbdm-mcaf.ca\/wp-content\/uploads\/IMG_3693-1536x1152.jpg 1536w, https:\/\/www.fbdm-mcaf.ca\/wp-content\/uploads\/IMG_3693-2048x1536.jpg 2048w, https:\/\/www.fbdm-mcaf.ca\/wp-content\/uploads\/IMG_3693-710x533.jpg 710w, https:\/\/www.fbdm-mcaf.ca\/wp-content\/uploads\/IMG_3693-250x188.jpg 250w, https:\/\/www.fbdm-mcaf.ca\/wp-content\/uploads\/IMG_3693-550x413.jpg 550w, https:\/\/www.fbdm-mcaf.ca\/wp-content\/uploads\/IMG_3693-800x600.jpg 800w, https:\/\/www.fbdm-mcaf.ca\/wp-content\/uploads\/IMG_3693-240x180.jpg 240w, https:\/\/www.fbdm-mcaf.ca\/wp-content\/uploads\/IMG_3693-400x300.jpg 400w, https:\/\/www.fbdm-mcaf.ca\/wp-content\/uploads\/IMG_3693-667x500.jpg 667w\" sizes=\"auto, (max-width: 2560px) 100vw, 2560px\" \/><\/figure>\n<\/div>\n\n\n<ul class=\"wp-block-list\">\n<li><strong>25th B\u00e9d\u00e9lys Awards Winners, at Grand salon du pavillon of esplanade Tranquille, Quartier des Spectacles from May 1 to 31, 2024<\/strong>\n<ul class=\"wp-block-list\">\n<li>You\u2019ll find the jury\u2019s selection for the 25th B\u00e9d\u00e9lys Awards in the heart of the Quartier des spectacles, at the inviting esplanade Tranquille. In the comfort of the library\u2019s reading area, you\u2019ll be able to read the thirty or so finalists\u2019 works for an enjoyable discovery.<\/li>\n<\/ul>\n<\/li>\n<\/ul>\n\n\n\n<h2 class=\"wp-block-heading\">Exhibitions on Saint-Denis Street<\/h2>\n\n\n\n<p>MCAF is also about exhibitions, so take a long stroll along Saint-Denis, between Roy and Gilford, and spoil yourself with these exhibitions to be seen throughout the weekend:<\/p>\n\n\n\n<ul class=\"wp-block-list\">\n<li><strong>Les m\u00e9tiers de la BD<\/strong>\n<ul class=\"wp-block-list\">\n<li>Who\u2019s behind the making of a comic strip? Take a look at the different trades involved in each stage of comic book creation. From the creation of the work to its translation and printing, a number of people are involved until it finds its readers.<\/li>\n<\/ul>\n<\/li>\n\n\n\n<li><strong>Bourse Manga O-Taku<\/strong>\n<ul class=\"wp-block-list\">\n<li>The O-taku Manga Grant is back for a second edition, and the winners are presented in this exhibition. The top 3 finalists in Canada\u2019s 1st manga creation grant are brimming with talent, and the first pages of their works are on display to show you the extent of their virtuosity.<\/li>\n<\/ul>\n<\/li>\n\n\n\n<li><strong>Les chercheuses en BD, 2nd edition<\/strong>\n<ul class=\"wp-block-list\">\n<li>21 female STEM (Science, Technology, Engineering and Mathematics) researchers from 13 of Quebec&#8217;s universities have been paired with an equal number of comic artists from Quebec and France, who sketch their portraits in short comic strips. The panels presented invite you to learn more about the careers of these exceptional women through the eyes of the cartoonists. Produced in partnership with the Consulat g\u00e9n\u00e9ral de France \u00e0 Qu\u00e9bec and the Fonds de recherche du Qu\u00e9bec &#8211; Nature et technologies.<\/li>\n<\/ul>\n<\/li>\n\n\n\n<li><strong>Montr\u00e9al Imaginaire<\/strong>\n<ul class=\"wp-block-list\">\n<li>The Montreal Comic Arts Festival presents an exhibition showcasing the representation of the city in 21st-century Quebec comic art. Bringing together some twenty panels from contemporary literature, <em>Montr\u00e9al Imaginaire<\/em> depicts the city from a variety of pencil strokes and angles. Inspired by the literary cartography of the same name by Gilles Marcotte and Pierre Nepveu, researcher Thara Charland takes us on a journey through the emblematic landscapes and places of Montreal as seen or revisited in comics: from the Jean-Talon market to the refineries of Montreal East, from the Red Light of the 1950s to a futuristic version of Saint Joseph\u2019s Oratory.<\/li>\n<\/ul>\n<\/li>\n\n\n\n<li><strong>Dessine-moi la recherche : carnets pour l\u2019\u00e9ducation et la sant\u00e9 publique<\/strong>\n<ul class=\"wp-block-list\">\n<li>How can research help people? In schools and health and social services establishments, how can it raise awareness of the issues facing different professions, such as healthcare professionals, teachers and support staff, managers and childcare workers?<br>To shed new light on these issues, 7 emerging female researchers are swapping their research notebooks for drawing books in a creative odyssey of scientific vulgarization. Eager to make their work known beyond the walls of the university, they embark on this journey through the medium of comics, a new medium for several of them.<br>Accompanied by comic artist Martin Patenaude-Monette, or Martin PM, our adventurers threw themselves headfirst into the <em>Vulgarisathon de l\u2019Acfas<\/em>, an activity designed to guide up-and-coming researchers in the creation of popular scientific works in the format of their choice. Against all odds, over a three-month period, they took part in the ideation, design, scriptwriting and illustration of the comic strips for this exhibition, in order to translate into images the research themes that drive them on a daily basis.<\/li>\n<\/ul>\n<\/li>\n\n\n\n<li><strong>25e prix B\u00e9d\u00e9lys<\/strong>\n<ul class=\"wp-block-list\">\n<li>The winning comics of the 25th B\u00e9d\u00e9lys Awards are unveiled in this exhibition, highlighting them and their creators. This presentation will be on display on the festival site, and encourages you to meet the winning artists during the 13th Festival BD de Montr\u00e9al.<\/li>\n<\/ul>\n<\/li>\n\n\n\n<li><strong>The 500 Years of Indigenous Resistance<\/strong>\n<ul class=\"wp-block-list\">\n<li>In this large-format exhibition, discover pages from Kwakwaka&#8217;wakw cartoonist Gord Hill&#8217;s <em>The 500 Years of Indigenous Resistance<\/em>. Drawn from exhaustive research into the acts of resistance of various Indigenous peoples across the continent and through the ages, this comic book educates as much as it engages its readership. The key excerpts from this comic book presented in this exhibition continue the work of raising awareness of First Peoples&#8217; issues and sharing the struggle against colonialism and racism.<\/li>\n<\/ul>\n<\/li>\n<\/ul>\n","protected":false},"excerpt":{"rendered":"<p class=\"post-excerpt\">\n<p><strong><\/strong><strong>Some exhibitions will be set up ahead of the festival to allow more time to enjoy them.<\/strong><\/p>\n<ul class=\"wp-block-list\">\n<li><strong>Jeremy Perrodeau, at Quai des Brumes from May 2 to 29, 2024<\/strong>\n<ul class=\"wp-block-list\">\n<li>Discover the creative stages of Jeremy Perrodeau\u2019s comic book <em>Le visage de Pavil<\/em>,<\/li>\n<\/ul>\n<\/li>\n<\/ul>\n<p>&#8230;<\/p>\n<p><a class=\"post-learn-more\" href=\"https:\/\/www.fbdm-mcaf.ca\/en\/comic-arts-festival\/past-editions\/2024-beyond-borders\/exhibitions\/\">Read more<span>&nbsp;><\/span><\/a><\/p><\/p>\n","protected":false},"author":1,"featured_media":0,"parent":35234,"menu_order":91,"comment_status":"closed","ping_status":"closed","template":"page-templates\/template-landing-section-column.php","meta":{"_acf_changed":false,"_price":"","_stock":"","_tribe_ticket_header":"","_tribe_default_ticket_provider":"","_tribe_ticket_capacity":"0","_ticket_start_date":"","_ticket_end_date":"","_tribe_ticket_show_description":"","_tribe_ticket_show_not_going":false,"_tribe_ticket_use_global_stock":"","_tribe_ticket_global_stock_level":"","_global_stock_mode":"","_global_stock_cap":"","_tribe_rsvp_for_event":"","_tribe_ticket_going_count":"","_tribe_ticket_not_going_count":"","_tribe_tickets_list":"[]","_tribe_ticket_has_attendee_info_fields":false,"footnotes":"","_tec_slr_enabled":"","_tec_slr_layout":""},"class_list":["post-28824","page","type-page","status-publish","hentry"],"acf":[],"yoast_head":"<!-- This site is optimized with the Yoast SEO plugin v27.5 - https:\/\/yoast.com\/product\/yoast-seo-wordpress\/ -->\n<title>2024 - Exhibitions &#8226; MCAF<\/title>\n<meta name=\"robots\" content=\"index, follow, max-snippet:-1, max-image-preview:large, max-video-preview:-1\" \/>\n<link rel=\"canonical\" href=\"https:\/\/www.fbdm-mcaf.ca\/en\/comic-arts-festival\/past-editions\/2024-beyond-borders\/exhibitions\/\" \/>\n<meta property=\"og:locale\" content=\"en_US\" \/>\n<meta property=\"og:type\" content=\"article\" \/>\n<meta property=\"og:title\" content=\"2024 - Exhibitions &#8226; MCAF\" \/>\n<meta property=\"og:description\" content=\"Some exhibitions will be set up ahead of the festival to allow more time to enjoy them.   Jeremy Perrodeau, at Quai des Brumes from May 2 to 29, 2024 Discover the creative stages of Jeremy Perrodeau\u2019s comic book Le visage de Pavil,...Read more&nbsp;&gt;\" \/>\n<meta property=\"og:url\" content=\"https:\/\/www.fbdm-mcaf.ca\/en\/comic-arts-festival\/past-editions\/2024-beyond-borders\/exhibitions\/\" \/>\n<meta property=\"og:site_name\" content=\"MCAF\" \/>\n<meta property=\"article:publisher\" content=\"https:\/\/www.facebook.com\/FestivalBDMontreal\/\" \/>\n<meta property=\"article:modified_time\" content=\"2025-09-12T02:32:49+00:00\" \/>\n<meta property=\"og:image\" content=\"https:\/\/www.fbdm-mcaf.ca\/wp-content\/uploads\/IMG_3693-scaled.jpg\" \/>\n\t<meta property=\"og:image:width\" content=\"2560\" \/>\n\t<meta property=\"og:image:height\" content=\"1920\" \/>\n\t<meta property=\"og:image:type\" content=\"image\/jpeg\" \/>\n<meta name=\"twitter:card\" content=\"summary_large_image\" \/>\n<meta name=\"twitter:site\" content=\"@fbdm_mtl\" \/>\n<meta name=\"twitter:label1\" content=\"Est. reading time\" \/>\n\t<meta name=\"twitter:data1\" content=\"4 minutes\" \/>\n<script type=\"application\/ld+json\" class=\"yoast-schema-graph\">{\"@context\":\"https:\\\/\\\/schema.org\",\"@graph\":[{\"@type\":\"WebPage\",\"@id\":\"https:\\\/\\\/www.fbdm-mcaf.ca\\\/en\\\/comic-arts-festival\\\/past-editions\\\/2024-beyond-borders\\\/exhibitions\\\/\",\"url\":\"https:\\\/\\\/www.fbdm-mcaf.ca\\\/en\\\/comic-arts-festival\\\/past-editions\\\/2024-beyond-borders\\\/exhibitions\\\/\",\"name\":\"2024 - Exhibitions &#8226; MCAF\",\"isPartOf\":{\"@id\":\"https:\\\/\\\/www.fbdm-mcaf.ca\\\/en\\\/#website\"},\"primaryImageOfPage\":{\"@id\":\"https:\\\/\\\/www.fbdm-mcaf.ca\\\/en\\\/comic-arts-festival\\\/past-editions\\\/2024-beyond-borders\\\/exhibitions\\\/#primaryimage\"},\"image\":{\"@id\":\"https:\\\/\\\/www.fbdm-mcaf.ca\\\/en\\\/comic-arts-festival\\\/past-editions\\\/2024-beyond-borders\\\/exhibitions\\\/#primaryimage\"},\"thumbnailUrl\":\"https:\\\/\\\/www.fbdm-mcaf.ca\\\/wp-content\\\/uploads\\\/IMG_3693-scaled.jpg\",\"datePublished\":\"2022-04-21T18:59:15+00:00\",\"dateModified\":\"2025-09-12T02:32:49+00:00\",\"breadcrumb\":{\"@id\":\"https:\\\/\\\/www.fbdm-mcaf.ca\\\/en\\\/comic-arts-festival\\\/past-editions\\\/2024-beyond-borders\\\/exhibitions\\\/#breadcrumb\"},\"inLanguage\":\"en-US\",\"potentialAction\":[{\"@type\":\"ReadAction\",\"target\":[\"https:\\\/\\\/www.fbdm-mcaf.ca\\\/en\\\/comic-arts-festival\\\/past-editions\\\/2024-beyond-borders\\\/exhibitions\\\/\"]}]},{\"@type\":\"ImageObject\",\"inLanguage\":\"en-US\",\"@id\":\"https:\\\/\\\/www.fbdm-mcaf.ca\\\/en\\\/comic-arts-festival\\\/past-editions\\\/2024-beyond-borders\\\/exhibitions\\\/#primaryimage\",\"url\":\"https:\\\/\\\/www.fbdm-mcaf.ca\\\/wp-content\\\/uploads\\\/IMG_3693-scaled.jpg\",\"contentUrl\":\"https:\\\/\\\/www.fbdm-mcaf.ca\\\/wp-content\\\/uploads\\\/IMG_3693-scaled.jpg\"},{\"@type\":\"BreadcrumbList\",\"@id\":\"https:\\\/\\\/www.fbdm-mcaf.ca\\\/en\\\/comic-arts-festival\\\/past-editions\\\/2024-beyond-borders\\\/exhibitions\\\/#breadcrumb\",\"itemListElement\":[{\"@type\":\"ListItem\",\"position\":1,\"name\":\"Home\",\"item\":\"https:\\\/\\\/www.fbdm-mcaf.ca\\\/en\\\/\"},{\"@type\":\"ListItem\",\"position\":2,\"name\":\"The Festival\",\"item\":\"https:\\\/\\\/www.fbdm-mcaf.ca\\\/en\\\/comic-arts-festival\\\/\"},{\"@type\":\"ListItem\",\"position\":3,\"name\":\"Past Editions\",\"item\":\"https:\\\/\\\/www.fbdm-mcaf.ca\\\/en\\\/comic-arts-festival\\\/past-editions\\\/\"},{\"@type\":\"ListItem\",\"position\":4,\"name\":\"2024 &#8211; Beyond Borders\",\"item\":\"https:\\\/\\\/www.fbdm-mcaf.ca\\\/en\\\/comic-arts-festival\\\/past-editions\\\/2024-beyond-borders\\\/\"},{\"@type\":\"ListItem\",\"position\":5,\"name\":\"2024 &#8211; Exhibitions\"}]},{\"@type\":\"WebSite\",\"@id\":\"https:\\\/\\\/www.fbdm-mcaf.ca\\\/en\\\/#website\",\"url\":\"https:\\\/\\\/www.fbdm-mcaf.ca\\\/en\\\/\",\"name\":\"MCAF\",\"description\":\"Montreal Comic Arts Festival\",\"potentialAction\":[{\"@type\":\"SearchAction\",\"target\":{\"@type\":\"EntryPoint\",\"urlTemplate\":\"https:\\\/\\\/www.fbdm-mcaf.ca\\\/en\\\/?s={search_term_string}\"},\"query-input\":{\"@type\":\"PropertyValueSpecification\",\"valueRequired\":true,\"valueName\":\"search_term_string\"}}],\"inLanguage\":\"en-US\"}]}<\/script>\n<!-- \/ Yoast SEO plugin. -->","yoast_head_json":{"title":"2024 - Exhibitions &#8226; MCAF","robots":{"index":"index","follow":"follow","max-snippet":"max-snippet:-1","max-image-preview":"max-image-preview:large","max-video-preview":"max-video-preview:-1"},"canonical":"https:\/\/www.fbdm-mcaf.ca\/en\/comic-arts-festival\/past-editions\/2024-beyond-borders\/exhibitions\/","og_locale":"en_US","og_type":"article","og_title":"2024 - Exhibitions &#8226; MCAF","og_description":"Some exhibitions will be set up ahead of the festival to allow more time to enjoy them.   Jeremy Perrodeau, at Quai des Brumes from May 2 to 29, 2024 Discover the creative stages of Jeremy Perrodeau\u2019s comic book Le visage de Pavil,...Read more&nbsp;>","og_url":"https:\/\/www.fbdm-mcaf.ca\/en\/comic-arts-festival\/past-editions\/2024-beyond-borders\/exhibitions\/","og_site_name":"MCAF","article_publisher":"https:\/\/www.facebook.com\/FestivalBDMontreal\/","article_modified_time":"2025-09-12T02:32:49+00:00","og_image":[{"width":2560,"height":1920,"url":"https:\/\/www.fbdm-mcaf.ca\/wp-content\/uploads\/IMG_3693-scaled.jpg","type":"image\/jpeg"}],"twitter_card":"summary_large_image","twitter_site":"@fbdm_mtl","twitter_misc":{"Est. reading time":"4 minutes"},"schema":{"@context":"https:\/\/schema.org","@graph":[{"@type":"WebPage","@id":"https:\/\/www.fbdm-mcaf.ca\/en\/comic-arts-festival\/past-editions\/2024-beyond-borders\/exhibitions\/","url":"https:\/\/www.fbdm-mcaf.ca\/en\/comic-arts-festival\/past-editions\/2024-beyond-borders\/exhibitions\/","name":"2024 - Exhibitions &#8226; MCAF","isPartOf":{"@id":"https:\/\/www.fbdm-mcaf.ca\/en\/#website"},"primaryImageOfPage":{"@id":"https:\/\/www.fbdm-mcaf.ca\/en\/comic-arts-festival\/past-editions\/2024-beyond-borders\/exhibitions\/#primaryimage"},"image":{"@id":"https:\/\/www.fbdm-mcaf.ca\/en\/comic-arts-festival\/past-editions\/2024-beyond-borders\/exhibitions\/#primaryimage"},"thumbnailUrl":"https:\/\/www.fbdm-mcaf.ca\/wp-content\/uploads\/IMG_3693-scaled.jpg","datePublished":"2022-04-21T18:59:15+00:00","dateModified":"2025-09-12T02:32:49+00:00","breadcrumb":{"@id":"https:\/\/www.fbdm-mcaf.ca\/en\/comic-arts-festival\/past-editions\/2024-beyond-borders\/exhibitions\/#breadcrumb"},"inLanguage":"en-US","potentialAction":[{"@type":"ReadAction","target":["https:\/\/www.fbdm-mcaf.ca\/en\/comic-arts-festival\/past-editions\/2024-beyond-borders\/exhibitions\/"]}]},{"@type":"ImageObject","inLanguage":"en-US","@id":"https:\/\/www.fbdm-mcaf.ca\/en\/comic-arts-festival\/past-editions\/2024-beyond-borders\/exhibitions\/#primaryimage","url":"https:\/\/www.fbdm-mcaf.ca\/wp-content\/uploads\/IMG_3693-scaled.jpg","contentUrl":"https:\/\/www.fbdm-mcaf.ca\/wp-content\/uploads\/IMG_3693-scaled.jpg"},{"@type":"BreadcrumbList","@id":"https:\/\/www.fbdm-mcaf.ca\/en\/comic-arts-festival\/past-editions\/2024-beyond-borders\/exhibitions\/#breadcrumb","itemListElement":[{"@type":"ListItem","position":1,"name":"Home","item":"https:\/\/www.fbdm-mcaf.ca\/en\/"},{"@type":"ListItem","position":2,"name":"The Festival","item":"https:\/\/www.fbdm-mcaf.ca\/en\/comic-arts-festival\/"},{"@type":"ListItem","position":3,"name":"Past Editions","item":"https:\/\/www.fbdm-mcaf.ca\/en\/comic-arts-festival\/past-editions\/"},{"@type":"ListItem","position":4,"name":"2024 &#8211; Beyond Borders","item":"https:\/\/www.fbdm-mcaf.ca\/en\/comic-arts-festival\/past-editions\/2024-beyond-borders\/"},{"@type":"ListItem","position":5,"name":"2024 &#8211; Exhibitions"}]},{"@type":"WebSite","@id":"https:\/\/www.fbdm-mcaf.ca\/en\/#website","url":"https:\/\/www.fbdm-mcaf.ca\/en\/","name":"MCAF","description":"Montreal Comic Arts Festival","potentialAction":[{"@type":"SearchAction","target":{"@type":"EntryPoint","urlTemplate":"https:\/\/www.fbdm-mcaf.ca\/en\/?s={search_term_string}"},"query-input":{"@type":"PropertyValueSpecification","valueRequired":true,"valueName":"search_term_string"}}],"inLanguage":"en-US"}]}},"ticketed":false,"_links":{"self":[{"href":"https:\/\/www.fbdm-mcaf.ca\/en\/wp-json\/wp\/v2\/pages\/28824","targetHints":{"allow":["GET"]}}],"collection":[{"href":"https:\/\/www.fbdm-mcaf.ca\/en\/wp-json\/wp\/v2\/pages"}],"about":[{"href":"https:\/\/www.fbdm-mcaf.ca\/en\/wp-json\/wp\/v2\/types\/page"}],"author":[{"embeddable":true,"href":"https:\/\/www.fbdm-mcaf.ca\/en\/wp-json\/wp\/v2\/users\/1"}],"replies":[{"embeddable":true,"href":"https:\/\/www.fbdm-mcaf.ca\/en\/wp-json\/wp\/v2\/comments?post=28824"}],"version-history":[{"count":5,"href":"https:\/\/www.fbdm-mcaf.ca\/en\/wp-json\/wp\/v2\/pages\/28824\/revisions"}],"predecessor-version":[{"id":37751,"href":"https:\/\/www.fbdm-mcaf.ca\/en\/wp-json\/wp\/v2\/pages\/28824\/revisions\/37751"}],"up":[{"embeddable":true,"href":"https:\/\/www.fbdm-mcaf.ca\/en\/wp-json\/wp\/v2\/pages\/35234"}],"wp:attachment":[{"href":"https:\/\/www.fbdm-mcaf.ca\/en\/wp-json\/wp\/v2\/media?parent=28824"}],"curies":[{"name":"wp","href":"https:\/\/api.w.org\/{rel}","templated":true}]}}