{"id":26510,"date":"2021-05-09T22:37:33","date_gmt":"2021-05-10T02:37:33","guid":{"rendered":"https:\/\/www.fbdm-mcaf.ca\/?page_id=26510"},"modified":"2023-09-05T22:11:09","modified_gmt":"2023-09-06T02:11:09","slug":"2017-histoires","status":"publish","type":"page","link":"https:\/\/www.fbdm-mcaf.ca\/en\/comic-arts-festival\/past-editions\/2017-histoires\/","title":{"rendered":"2017 &#8211; Histoires"},"content":{"rendered":"\n<h2 class=\"wp-block-heading\">La 6e \u00e9dition est en marche<\/h2>\n\n\n\n<p>Cette 6e \u00e9dition du Festival BD de Montr\u00e9al s&#8217;est tenue de nouveau en plein c\u0153ur du Parc La Fontaine!<\/p>\n\n\n\n<p>R\u00e9servez votre vendredi 26, samedi 27 et dimanche 28 mai 2017 et rejoignez nous sur le site de l\u2019Espace La Fontaine, au bord de l\u2019\u00e9tang. Nos grands chapiteaux sont difficiles \u00e0 manquer si vous d\u00e9ambulez sur l\u2019avenue du Parc-La Fontaine\u2009!<\/p>\n\n\n\n<h2 class=\"wp-block-heading\">2017 Histoires<\/h2>\n\n\n\n<div class=\"wp-block-columns is-layout-flex wp-container-core-columns-is-layout-9d6595d7 wp-block-columns-is-layout-flex\">\n<div class=\"wp-block-column is-layout-flow wp-block-column-is-layout-flow\" style=\"flex-basis:66.66%\">\n<p>\u00c0 venir&#8230;<\/p>\n\n\n\n<p><\/p>\n<\/div>\n\n\n\n<div class=\"wp-block-column is-layout-flow wp-block-column-is-layout-flow\" style=\"flex-basis:33.33%\">\n<div class=\"wp-block-image\"><figure class=\"alignright size-large\"><img loading=\"lazy\" decoding=\"async\" width=\"450\" height=\"675\" src=\"https:\/\/www.fbdm-mcaf.ca\/wp-content\/uploads\/FBDM_Affiche-2017.jpg\" alt=\"\" class=\"wp-image-18349\" srcset=\"https:\/\/www.fbdm-mcaf.ca\/wp-content\/uploads\/FBDM_Affiche-2017.jpg 450w, https:\/\/www.fbdm-mcaf.ca\/wp-content\/uploads\/FBDM_Affiche-2017-200x300.jpg 200w, https:\/\/www.fbdm-mcaf.ca\/wp-content\/uploads\/FBDM_Affiche-2017-250x375.jpg 250w, https:\/\/www.fbdm-mcaf.ca\/wp-content\/uploads\/FBDM_Affiche-2017-120x180.jpg 120w, https:\/\/www.fbdm-mcaf.ca\/wp-content\/uploads\/FBDM_Affiche-2017-333x500.jpg 333w\" sizes=\"auto, (max-width: 450px) 100vw, 450px\" \/><figcaption>Affiche 2017 &#8211; Boom<\/figcaption><\/figure><\/div>\n<\/div>\n<\/div>\n","protected":false},"excerpt":{"rendered":"<p class=\"post-excerpt\">La 6e \u00e9dition est en marche<\/p>\n<p>Cette 6e \u00e9dition du Festival BD de Montr\u00e9al s&#8217;est tenue de nouveau en plein c\u0153ur du Parc La Fontaine!<\/p>\n<p>R\u00e9servez votre vendredi 26, samedi 27 et dimanche 28 mai 2017 et rejoignez nous sur le site de l\u2019Espace La Fontaine, au bord de l\u2019\u00e9tang.<\/p>\n<p>&#8230;<\/p>\n<p><a class=\"post-learn-more\" href=\"https:\/\/www.fbdm-mcaf.ca\/en\/comic-arts-festival\/past-editions\/2017-histoires\/\">Read more<span>&nbsp;><\/span><\/a><\/p><\/p>\n","protected":false},"author":1,"featured_media":18348,"parent":24283,"menu_order":158,"comment_status":"closed","ping_status":"closed","template":"page-templates\/template-landing-section-column.php","meta":{"_acf_changed":false,"_price":"","_stock":"","_tribe_ticket_header":"","_tribe_default_ticket_provider":"","_tribe_ticket_capacity":"0","_ticket_start_date":"","_ticket_end_date":"","_tribe_ticket_show_description":"","_tribe_ticket_show_not_going":false,"_tribe_ticket_use_global_stock":"","_tribe_ticket_global_stock_level":"","_global_stock_mode":"","_global_stock_cap":"","_tribe_rsvp_for_event":"","_tribe_ticket_going_count":"","_tribe_ticket_not_going_count":"","_tribe_tickets_list":"[]","_tribe_ticket_has_attendee_info_fields":false,"footnotes":"","_tec_slr_enabled":"","_tec_slr_layout":""},"class_list":["post-26510","page","type-page","status-publish","has-post-thumbnail","hentry"],"acf":[],"yoast_head":"<!-- This site is optimized with the Yoast SEO plugin v27.5 - https:\/\/yoast.com\/product\/yoast-seo-wordpress\/ -->\n<title>2017 - Histoires &#8226; MCAF<\/title>\n<meta name=\"robots\" content=\"index, follow, max-snippet:-1, max-image-preview:large, max-video-preview:-1\" \/>\n<link rel=\"canonical\" href=\"https:\/\/www.fbdm-mcaf.ca\/en\/comic-arts-festival\/past-editions\/2017-histoires\/\" \/>\n<meta property=\"og:locale\" content=\"en_US\" \/>\n<meta property=\"og:type\" content=\"article\" \/>\n<meta property=\"og:title\" content=\"2017 - Histoires &#8226; MCAF\" \/>\n<meta property=\"og:description\" content=\"La 6e \u00e9dition est en marche  Cette 6e \u00e9dition du Festival BD de Montr\u00e9al s&#8217;est tenue de nouveau en plein c\u0153ur du Parc La Fontaine!  R\u00e9servez votre vendredi 26, samedi 27 et dimanche 28 mai 2017 et rejoignez nous sur le site de l\u2019Espace La Fontaine, au bord de l\u2019\u00e9tang....Read more&nbsp;&gt;\" \/>\n<meta property=\"og:url\" content=\"https:\/\/www.fbdm-mcaf.ca\/en\/comic-arts-festival\/past-editions\/2017-histoires\/\" \/>\n<meta property=\"og:site_name\" content=\"MCAF\" \/>\n<meta property=\"article:publisher\" content=\"https:\/\/www.facebook.com\/FestivalBDMontreal\/\" \/>\n<meta property=\"article:modified_time\" content=\"2023-09-06T02:11:09+00:00\" \/>\n<meta property=\"og:image\" content=\"https:\/\/www.fbdm-mcaf.ca\/wp-content\/uploads\/FBDM_Affiche-2017.jpg\" \/>\n\t<meta property=\"og:image:width\" content=\"450\" \/>\n\t<meta property=\"og:image:height\" content=\"675\" \/>\n\t<meta property=\"og:image:type\" content=\"image\/jpeg\" \/>\n<meta name=\"twitter:card\" content=\"summary_large_image\" \/>\n<meta name=\"twitter:site\" content=\"@fbdm_mtl\" \/>\n<meta name=\"twitter:label1\" content=\"Est. reading time\" \/>\n\t<meta name=\"twitter:data1\" content=\"1 minute\" \/>\n<script type=\"application\/ld+json\" class=\"yoast-schema-graph\">{\"@context\":\"https:\\\/\\\/schema.org\",\"@graph\":[{\"@type\":\"WebPage\",\"@id\":\"https:\\\/\\\/www.fbdm-mcaf.ca\\\/en\\\/comic-arts-festival\\\/past-editions\\\/2017-histoires\\\/\",\"url\":\"https:\\\/\\\/www.fbdm-mcaf.ca\\\/en\\\/comic-arts-festival\\\/past-editions\\\/2017-histoires\\\/\",\"name\":\"2017 - Histoires &#8226; MCAF\",\"isPartOf\":{\"@id\":\"https:\\\/\\\/www.fbdm-mcaf.ca\\\/en\\\/#website\"},\"primaryImageOfPage\":{\"@id\":\"https:\\\/\\\/www.fbdm-mcaf.ca\\\/en\\\/comic-arts-festival\\\/past-editions\\\/2017-histoires\\\/#primaryimage\"},\"image\":{\"@id\":\"https:\\\/\\\/www.fbdm-mcaf.ca\\\/en\\\/comic-arts-festival\\\/past-editions\\\/2017-histoires\\\/#primaryimage\"},\"thumbnailUrl\":\"https:\\\/\\\/www.fbdm-mcaf.ca\\\/wp-content\\\/uploads\\\/FBDM_Affiche-2017.jpg\",\"datePublished\":\"2021-05-10T02:37:33+00:00\",\"dateModified\":\"2023-09-06T02:11:09+00:00\",\"breadcrumb\":{\"@id\":\"https:\\\/\\\/www.fbdm-mcaf.ca\\\/en\\\/comic-arts-festival\\\/past-editions\\\/2017-histoires\\\/#breadcrumb\"},\"inLanguage\":\"en-US\",\"potentialAction\":[{\"@type\":\"ReadAction\",\"target\":[\"https:\\\/\\\/www.fbdm-mcaf.ca\\\/en\\\/comic-arts-festival\\\/past-editions\\\/2017-histoires\\\/\"]}]},{\"@type\":\"ImageObject\",\"inLanguage\":\"en-US\",\"@id\":\"https:\\\/\\\/www.fbdm-mcaf.ca\\\/en\\\/comic-arts-festival\\\/past-editions\\\/2017-histoires\\\/#primaryimage\",\"url\":\"https:\\\/\\\/www.fbdm-mcaf.ca\\\/wp-content\\\/uploads\\\/FBDM_Affiche-2017.jpg\",\"contentUrl\":\"https:\\\/\\\/www.fbdm-mcaf.ca\\\/wp-content\\\/uploads\\\/FBDM_Affiche-2017.jpg\",\"width\":450,\"height\":675},{\"@type\":\"BreadcrumbList\",\"@id\":\"https:\\\/\\\/www.fbdm-mcaf.ca\\\/en\\\/comic-arts-festival\\\/past-editions\\\/2017-histoires\\\/#breadcrumb\",\"itemListElement\":[{\"@type\":\"ListItem\",\"position\":1,\"name\":\"Home\",\"item\":\"https:\\\/\\\/www.fbdm-mcaf.ca\\\/en\\\/\"},{\"@type\":\"ListItem\",\"position\":2,\"name\":\"The Festival\",\"item\":\"https:\\\/\\\/www.fbdm-mcaf.ca\\\/en\\\/comic-arts-festival\\\/\"},{\"@type\":\"ListItem\",\"position\":3,\"name\":\"Past Editions\",\"item\":\"https:\\\/\\\/www.fbdm-mcaf.ca\\\/en\\\/comic-arts-festival\\\/past-editions\\\/\"},{\"@type\":\"ListItem\",\"position\":4,\"name\":\"2017 &#8211; Histoires\"}]},{\"@type\":\"WebSite\",\"@id\":\"https:\\\/\\\/www.fbdm-mcaf.ca\\\/en\\\/#website\",\"url\":\"https:\\\/\\\/www.fbdm-mcaf.ca\\\/en\\\/\",\"name\":\"MCAF\",\"description\":\"Montreal Comic Arts Festival\",\"potentialAction\":[{\"@type\":\"SearchAction\",\"target\":{\"@type\":\"EntryPoint\",\"urlTemplate\":\"https:\\\/\\\/www.fbdm-mcaf.ca\\\/en\\\/?s={search_term_string}\"},\"query-input\":{\"@type\":\"PropertyValueSpecification\",\"valueRequired\":true,\"valueName\":\"search_term_string\"}}],\"inLanguage\":\"en-US\"}]}<\/script>\n<!-- \/ Yoast SEO plugin. -->","yoast_head_json":{"title":"2017 - Histoires &#8226; MCAF","robots":{"index":"index","follow":"follow","max-snippet":"max-snippet:-1","max-image-preview":"max-image-preview:large","max-video-preview":"max-video-preview:-1"},"canonical":"https:\/\/www.fbdm-mcaf.ca\/en\/comic-arts-festival\/past-editions\/2017-histoires\/","og_locale":"en_US","og_type":"article","og_title":"2017 - Histoires &#8226; MCAF","og_description":"La 6e \u00e9dition est en marche  Cette 6e \u00e9dition du Festival BD de Montr\u00e9al s&#8217;est tenue de nouveau en plein c\u0153ur du Parc La Fontaine!  R\u00e9servez votre vendredi 26, samedi 27 et dimanche 28 mai 2017 et rejoignez nous sur le site de l\u2019Espace La Fontaine, au bord de l\u2019\u00e9tang....Read more&nbsp;>","og_url":"https:\/\/www.fbdm-mcaf.ca\/en\/comic-arts-festival\/past-editions\/2017-histoires\/","og_site_name":"MCAF","article_publisher":"https:\/\/www.facebook.com\/FestivalBDMontreal\/","article_modified_time":"2023-09-06T02:11:09+00:00","og_image":[{"width":450,"height":675,"url":"https:\/\/www.fbdm-mcaf.ca\/wp-content\/uploads\/FBDM_Affiche-2017.jpg","type":"image\/jpeg"}],"twitter_card":"summary_large_image","twitter_site":"@fbdm_mtl","twitter_misc":{"Est. reading time":"1 minute"},"schema":{"@context":"https:\/\/schema.org","@graph":[{"@type":"WebPage","@id":"https:\/\/www.fbdm-mcaf.ca\/en\/comic-arts-festival\/past-editions\/2017-histoires\/","url":"https:\/\/www.fbdm-mcaf.ca\/en\/comic-arts-festival\/past-editions\/2017-histoires\/","name":"2017 - Histoires &#8226; MCAF","isPartOf":{"@id":"https:\/\/www.fbdm-mcaf.ca\/en\/#website"},"primaryImageOfPage":{"@id":"https:\/\/www.fbdm-mcaf.ca\/en\/comic-arts-festival\/past-editions\/2017-histoires\/#primaryimage"},"image":{"@id":"https:\/\/www.fbdm-mcaf.ca\/en\/comic-arts-festival\/past-editions\/2017-histoires\/#primaryimage"},"thumbnailUrl":"https:\/\/www.fbdm-mcaf.ca\/wp-content\/uploads\/FBDM_Affiche-2017.jpg","datePublished":"2021-05-10T02:37:33+00:00","dateModified":"2023-09-06T02:11:09+00:00","breadcrumb":{"@id":"https:\/\/www.fbdm-mcaf.ca\/en\/comic-arts-festival\/past-editions\/2017-histoires\/#breadcrumb"},"inLanguage":"en-US","potentialAction":[{"@type":"ReadAction","target":["https:\/\/www.fbdm-mcaf.ca\/en\/comic-arts-festival\/past-editions\/2017-histoires\/"]}]},{"@type":"ImageObject","inLanguage":"en-US","@id":"https:\/\/www.fbdm-mcaf.ca\/en\/comic-arts-festival\/past-editions\/2017-histoires\/#primaryimage","url":"https:\/\/www.fbdm-mcaf.ca\/wp-content\/uploads\/FBDM_Affiche-2017.jpg","contentUrl":"https:\/\/www.fbdm-mcaf.ca\/wp-content\/uploads\/FBDM_Affiche-2017.jpg","width":450,"height":675},{"@type":"BreadcrumbList","@id":"https:\/\/www.fbdm-mcaf.ca\/en\/comic-arts-festival\/past-editions\/2017-histoires\/#breadcrumb","itemListElement":[{"@type":"ListItem","position":1,"name":"Home","item":"https:\/\/www.fbdm-mcaf.ca\/en\/"},{"@type":"ListItem","position":2,"name":"The Festival","item":"https:\/\/www.fbdm-mcaf.ca\/en\/comic-arts-festival\/"},{"@type":"ListItem","position":3,"name":"Past Editions","item":"https:\/\/www.fbdm-mcaf.ca\/en\/comic-arts-festival\/past-editions\/"},{"@type":"ListItem","position":4,"name":"2017 &#8211; Histoires"}]},{"@type":"WebSite","@id":"https:\/\/www.fbdm-mcaf.ca\/en\/#website","url":"https:\/\/www.fbdm-mcaf.ca\/en\/","name":"MCAF","description":"Montreal Comic Arts Festival","potentialAction":[{"@type":"SearchAction","target":{"@type":"EntryPoint","urlTemplate":"https:\/\/www.fbdm-mcaf.ca\/en\/?s={search_term_string}"},"query-input":{"@type":"PropertyValueSpecification","valueRequired":true,"valueName":"search_term_string"}}],"inLanguage":"en-US"}]}},"ticketed":false,"_links":{"self":[{"href":"https:\/\/www.fbdm-mcaf.ca\/en\/wp-json\/wp\/v2\/pages\/26510","targetHints":{"allow":["GET"]}}],"collection":[{"href":"https:\/\/www.fbdm-mcaf.ca\/en\/wp-json\/wp\/v2\/pages"}],"about":[{"href":"https:\/\/www.fbdm-mcaf.ca\/en\/wp-json\/wp\/v2\/types\/page"}],"author":[{"embeddable":true,"href":"https:\/\/www.fbdm-mcaf.ca\/en\/wp-json\/wp\/v2\/users\/1"}],"replies":[{"embeddable":true,"href":"https:\/\/www.fbdm-mcaf.ca\/en\/wp-json\/wp\/v2\/comments?post=26510"}],"version-history":[{"count":1,"href":"https:\/\/www.fbdm-mcaf.ca\/en\/wp-json\/wp\/v2\/pages\/26510\/revisions"}],"predecessor-version":[{"id":26522,"href":"https:\/\/www.fbdm-mcaf.ca\/en\/wp-json\/wp\/v2\/pages\/26510\/revisions\/26522"}],"up":[{"embeddable":true,"href":"https:\/\/www.fbdm-mcaf.ca\/en\/wp-json\/wp\/v2\/pages\/24283"}],"wp:featuredmedia":[{"embeddable":true,"href":"https:\/\/www.fbdm-mcaf.ca\/en\/wp-json\/wp\/v2\/media\/18348"}],"wp:attachment":[{"href":"https:\/\/www.fbdm-mcaf.ca\/en\/wp-json\/wp\/v2\/media?parent=26510"}],"curies":[{"name":"wp","href":"https:\/\/api.w.org\/{rel}","templated":true}]}}