{"id":20214,"date":"2019-10-21T22:00:27","date_gmt":"2019-10-22T02:00:27","guid":{"rendered":"https:\/\/www.fbdm-mcaf.ca\/?page_id=20214"},"modified":"2026-01-28T15:29:31","modified_gmt":"2026-01-28T20:29:31","slug":"bedelys-awards","status":"publish","type":"page","link":"https:\/\/www.fbdm-mcaf.ca\/en\/bedelys-awards\/bedelys-awards\/","title":{"rendered":"B\u00e9d\u00e9lys Awards"},"content":{"rendered":"\n<h2 class=\"wp-block-heading\" id=\"bedelys-quebec\">B\u00e9d\u00e9lys Qu\u00e9bec<\/h2>\n\n\n<div class=\"wp-block-image\">\n<figure class=\"alignright size-large is-resized\"><img decoding=\"async\" src=\"https:\/\/www.fbdm-mcaf.ca\/wp-content\/uploads\/\/FBDM-BEDELYS_QUEBEC-1024x717.png\" alt=\"\" class=\"wp-image-25657\" style=\"aspect-ratio:1.4301675977653632;width:172px;height:auto\"\/><\/figure>\n<\/div>\n\n\n<p>Since 1999, it rewards the best comic book by a Qu\u00e9bec artist published in Qu\u00e9bec. It has a $ 1,500 grant.<br><br><strong>Jury<br><\/strong>Composed of readers who work in the book industry, this jury includes, among others, librarians and booksellers, but also publishers and all other book professionals.<\/p>\n\n\n\n<h4 class=\"wp-block-heading\" id=\"selection-criteria\">Selection criteria<\/h4>\n\n\n\n<p>For this category, the jury determines which comics are part of the selection. Here are the criteria used to determine the accepted works:<\/p>\n\n\n\n<ul class=\"wp-block-list\">\n<li>Publication by a Quebec publishing house for an audience aged 14 and over<\/li>\n\n\n\n<li>Artists residing in Quebec, if there are several artists, at least one must be Quebecois<\/li>\n\n\n\n<li>No work generated in whole or in parts by Artificial Intelligence (AI) will be considered<\/li>\n<\/ul>\n\n\n\n<h2 class=\"wp-block-heading\" id=\"bedelys-independent-francophone\">B\u00e9d\u00e9lys Youth Qu\u00e9bec<\/h2>\n\n\n<div class=\"wp-block-image\">\n<figure class=\"alignright size-large is-resized\"><img decoding=\"async\" src=\"https:\/\/www.fbdm-mcaf.ca\/wp-content\/uploads\/\/FBDM-BEDELYS_JEUNESSE_QC-1024x717.png\" alt=\"\" class=\"wp-image-30186\" style=\"width:172px;height:auto\"\/><\/figure>\n<\/div>\n\n\n<p>It rewards the best comic book for an audience aged 14 and under by a Qu\u00e9bec artist published in Qu\u00e9bec. It has a $ 1,500 grant.<br><br><strong>Jury<\/strong><br>Composed of readers who work in the book industry, this jury includes, among others, librarians and booksellers, but also publishers and all other book professionals.<\/p>\n\n\n\n<h4 class=\"wp-block-heading\" id=\"selection-criteria\">Selection criteria<\/h4>\n\n\n\n<p>For this category, the jury determines which comics are part of the selection. Here are the criteria used to determine the accepted works:<\/p>\n\n\n\n<ul class=\"wp-block-list\">\n<li>Publication by a Quebec publishing house for an audience aged 14 and less<\/li>\n\n\n\n<li>Artists residing in Quebec, if there are several artists, at least one must be Quebecois<\/li>\n\n\n\n<li>No work generated in whole or in parts by Artificial Intelligence (AI) will be considered<\/li>\n<\/ul>\n\n\n\n<h2 class=\"wp-block-heading\" id=\"bedelys-independent-francophone\">B\u00e9d\u00e9lys Independent Francophone<\/h2>\n\n\n<div class=\"wp-block-image\">\n<figure class=\"alignright size-large is-resized\"><img loading=\"lazy\" decoding=\"async\" width=\"1024\" height=\"717\" src=\"https:\/\/www.fbdm-mcaf.ca\/wp-content\/uploads\/\/FBDM-BEDELYS_INDEPENDENT_INDEPENDENT-1024x717.png\" alt=\"\" class=\"wp-image-25663\" style=\"aspect-ratio:1.4301675977653632;width:172px;height:auto\" srcset=\"https:\/\/www.fbdm-mcaf.ca\/wp-content\/uploads\/FBDM-BEDELYS_INDEPENDENT_INDEPENDENT-1024x717.png 1024w, https:\/\/www.fbdm-mcaf.ca\/wp-content\/uploads\/FBDM-BEDELYS_INDEPENDENT_INDEPENDENT-300x210.png 300w, https:\/\/www.fbdm-mcaf.ca\/wp-content\/uploads\/FBDM-BEDELYS_INDEPENDENT_INDEPENDENT-768x538.png 768w, https:\/\/www.fbdm-mcaf.ca\/wp-content\/uploads\/FBDM-BEDELYS_INDEPENDENT_INDEPENDENT-1536x1076.png 1536w, https:\/\/www.fbdm-mcaf.ca\/wp-content\/uploads\/FBDM-BEDELYS_INDEPENDENT_INDEPENDENT-2048x1435.png 2048w, https:\/\/www.fbdm-mcaf.ca\/wp-content\/uploads\/FBDM-BEDELYS_INDEPENDENT_INDEPENDENT-710x497.png 710w, https:\/\/www.fbdm-mcaf.ca\/wp-content\/uploads\/FBDM-BEDELYS_INDEPENDENT_INDEPENDENT-250x175.png 250w, https:\/\/www.fbdm-mcaf.ca\/wp-content\/uploads\/FBDM-BEDELYS_INDEPENDENT_INDEPENDENT-550x385.png 550w, https:\/\/www.fbdm-mcaf.ca\/wp-content\/uploads\/FBDM-BEDELYS_INDEPENDENT_INDEPENDENT-800x561.png 800w, https:\/\/www.fbdm-mcaf.ca\/wp-content\/uploads\/FBDM-BEDELYS_INDEPENDENT_INDEPENDENT-257x180.png 257w, https:\/\/www.fbdm-mcaf.ca\/wp-content\/uploads\/FBDM-BEDELYS_INDEPENDENT_INDEPENDENT-428x300.png 428w, https:\/\/www.fbdm-mcaf.ca\/wp-content\/uploads\/FBDM-BEDELYS_INDEPENDENT_INDEPENDENT-714x500.png 714w\" sizes=\"auto, (max-width: 1024px) 100vw, 1024px\" \/><\/figure>\n<\/div>\n\n\n<p>It rewards the best self-published francophone comic book in Quebec since 2008. He is accompanied by a $ 1,000 grant and a half-table offered by the Montreal Comic Arts Festival during its event. <br><br><strong>Jury <\/strong><br>Composed of readers who work in the book industry, this jury includes, among others, librarians and booksellers, but also publishers and all other book professionals.<\/p>\n\n\n\n<h4 class=\"wp-block-heading\" id=\"selection-criteria\">Selection criteria<\/h4>\n\n\n\n<p>The francophone and anglophone independent B\u00e9d\u00e9lys categories are the only two that operate by submission. It is the creators who must send their work in duplicate to the planned drop-off points. To be accepted a submission must meet the following criteria:<\/p>\n\n\n\n<ul class=\"wp-block-list\">\n<li>Francophone self-publication<\/li>\n\n\n\n<li>Quebec resident artist<\/li>\n\n\n\n<li>A print version must exist, webcomics that are not published in print will not be eligible<\/li>\n\n\n\n<li>No work generated in whole or in parts by Artificial Intelligence (AI) will be accepted<\/li>\n<\/ul>\n\n\n\n<div class=\"wp-block-buttons is-layout-flex wp-block-buttons-is-layout-flex\">\n<div class=\"wp-block-button\"><a class=\"wp-block-button__link wp-element-button\" href=\"https:\/\/form.zonefestival.com\/?k=fbdm_x1\" target=\"_blank\" rel=\"noreferrer noopener\">Submit your application for the B\u00e9d\u00e9lys Independent Francophone<\/a><\/div>\n<\/div>\n\n\n\n<h2 class=\"wp-block-heading\" id=\"bedelys-independent-anglophone\">B\u00e9d\u00e9lys Independent Anglophone<\/h2>\n\n\n<div class=\"wp-block-image\">\n<figure class=\"alignright size-large is-resized\"><img loading=\"lazy\" decoding=\"async\" width=\"1024\" height=\"717\" src=\"https:\/\/www.fbdm-mcaf.ca\/wp-content\/uploads\/\/FBDM-BEDELYS_INDEPENDENT_INDEPENDENT-1024x717.png\" alt=\"\" class=\"wp-image-25663\" style=\"aspect-ratio:1.4301675977653632;width:172px;height:auto\" srcset=\"https:\/\/www.fbdm-mcaf.ca\/wp-content\/uploads\/FBDM-BEDELYS_INDEPENDENT_INDEPENDENT-1024x717.png 1024w, https:\/\/www.fbdm-mcaf.ca\/wp-content\/uploads\/FBDM-BEDELYS_INDEPENDENT_INDEPENDENT-300x210.png 300w, https:\/\/www.fbdm-mcaf.ca\/wp-content\/uploads\/FBDM-BEDELYS_INDEPENDENT_INDEPENDENT-768x538.png 768w, https:\/\/www.fbdm-mcaf.ca\/wp-content\/uploads\/FBDM-BEDELYS_INDEPENDENT_INDEPENDENT-1536x1076.png 1536w, https:\/\/www.fbdm-mcaf.ca\/wp-content\/uploads\/FBDM-BEDELYS_INDEPENDENT_INDEPENDENT-2048x1435.png 2048w, https:\/\/www.fbdm-mcaf.ca\/wp-content\/uploads\/FBDM-BEDELYS_INDEPENDENT_INDEPENDENT-710x497.png 710w, https:\/\/www.fbdm-mcaf.ca\/wp-content\/uploads\/FBDM-BEDELYS_INDEPENDENT_INDEPENDENT-250x175.png 250w, https:\/\/www.fbdm-mcaf.ca\/wp-content\/uploads\/FBDM-BEDELYS_INDEPENDENT_INDEPENDENT-550x385.png 550w, https:\/\/www.fbdm-mcaf.ca\/wp-content\/uploads\/FBDM-BEDELYS_INDEPENDENT_INDEPENDENT-800x561.png 800w, https:\/\/www.fbdm-mcaf.ca\/wp-content\/uploads\/FBDM-BEDELYS_INDEPENDENT_INDEPENDENT-257x180.png 257w, https:\/\/www.fbdm-mcaf.ca\/wp-content\/uploads\/FBDM-BEDELYS_INDEPENDENT_INDEPENDENT-428x300.png 428w, https:\/\/www.fbdm-mcaf.ca\/wp-content\/uploads\/FBDM-BEDELYS_INDEPENDENT_INDEPENDENT-714x500.png 714w\" sizes=\"auto, (max-width: 1024px) 100vw, 1024px\" \/><\/figure>\n<\/div>\n\n\n<p>Created in 2020, it rewards the best self-published anglophone comic book in Quebec. He is accompanied by a $ 1,000 grant and a half-table offered by the Montreal Comic Arts Festival during its event. <br><br><strong>Jury <\/strong><br>Composed of readers who work in the book industry, this jury includes, among others, librarians and booksellers, but also publishers and all other book professionals.<\/p>\n\n\n\n<h4 class=\"wp-block-heading\" id=\"selection-criteria\">Selection criteria<\/h4>\n\n\n\n<p>The francophone and anglophone independent B\u00e9d\u00e9lys categories are the only two that operate by submission. It is the creators who must send their work in duplicate to the planned drop-off points. To be accepted a submission must meet the following criteria:<\/p>\n\n\n\n<ul class=\"wp-block-list\">\n<li>Anglophone self-publication<\/li>\n\n\n\n<li>Quebec resident artist<\/li>\n\n\n\n<li>A print version must exist, webcomics that are not published in print will not be eligible<\/li>\n\n\n\n<li>No work generated in whole or in parts by Artificial Intelligence (AI) will be accepted<\/li>\n<\/ul>\n\n\n\n<div class=\"wp-block-buttons is-layout-flex wp-block-buttons-is-layout-flex\">\n<div class=\"wp-block-button\"><a class=\"wp-block-button__link wp-element-button\" href=\"https:\/\/form.zonefestival.com\/?k=fbdm_x1ls\" target=\"_blank\" rel=\"noreferrer noopener\">Submit your application for the B\u00e9d\u00e9lys Independent Anglophone<\/a><\/div>\n<\/div>\n\n\n\n<h2 class=\"wp-block-heading\" id=\"bedelys-youth\">B\u00e9d\u00e9lys&nbsp;Youth <\/h2>\n\n\n<div class=\"wp-block-image\">\n<figure class=\"alignright size-large is-resized\"><img loading=\"lazy\" decoding=\"async\" width=\"1024\" height=\"717\" src=\"https:\/\/www.fbdm-mcaf.ca\/wp-content\/uploads\/\/FBDM-BEDELYS_JEUNESSE-3-1024x717.png\" alt=\"\" class=\"wp-image-25947\" style=\"width:172px;height:auto\" srcset=\"https:\/\/www.fbdm-mcaf.ca\/wp-content\/uploads\/FBDM-BEDELYS_JEUNESSE-3-1024x717.png 1024w, https:\/\/www.fbdm-mcaf.ca\/wp-content\/uploads\/FBDM-BEDELYS_JEUNESSE-3-300x210.png 300w, https:\/\/www.fbdm-mcaf.ca\/wp-content\/uploads\/FBDM-BEDELYS_JEUNESSE-3-768x538.png 768w, https:\/\/www.fbdm-mcaf.ca\/wp-content\/uploads\/FBDM-BEDELYS_JEUNESSE-3-1536x1076.png 1536w, https:\/\/www.fbdm-mcaf.ca\/wp-content\/uploads\/FBDM-BEDELYS_JEUNESSE-3-2048x1434.png 2048w, https:\/\/www.fbdm-mcaf.ca\/wp-content\/uploads\/FBDM-BEDELYS_JEUNESSE-3-710x497.png 710w, https:\/\/www.fbdm-mcaf.ca\/wp-content\/uploads\/FBDM-BEDELYS_JEUNESSE-3-250x175.png 250w, https:\/\/www.fbdm-mcaf.ca\/wp-content\/uploads\/FBDM-BEDELYS_JEUNESSE-3-550x385.png 550w, https:\/\/www.fbdm-mcaf.ca\/wp-content\/uploads\/FBDM-BEDELYS_JEUNESSE-3-800x560.png 800w, https:\/\/www.fbdm-mcaf.ca\/wp-content\/uploads\/FBDM-BEDELYS_JEUNESSE-3-257x180.png 257w, https:\/\/www.fbdm-mcaf.ca\/wp-content\/uploads\/FBDM-BEDELYS_JEUNESSE-3-428x300.png 428w, https:\/\/www.fbdm-mcaf.ca\/wp-content\/uploads\/FBDM-BEDELYS_JEUNESSE-3-714x500.png 714w\" sizes=\"auto, (max-width: 1024px) 100vw, 1024px\" \/><\/figure>\n<\/div>\n\n\n<p>It rewards the best French-language comic book intended for young people aged 7 to 14 since 1999. The choices are based on the cumulative votes of several juries of young readers. The <em>r\u00e9seau des biblioth\u00e8ques de la Ville de Montr\u00e9al<\/em> (City of Montreal library network) has sponsored the prize since 2000.<br><br><strong>Jury<\/strong><br>Made up of young comic book enthusiasts who regularly visit one of the participating libraries in the <em>r\u00e9seau des biblioth\u00e8ques de la Ville de Montr\u00e9al<\/em>. They are looked after by librarians who help them discuss and analyze the selected works.<\/p>\n\n\n\n<h4 class=\"wp-block-heading\" id=\"selection-criteria\">Selection criteria<\/h4>\n\n\n\n<p>For this category, it is the librarians in charge of the juries who select a first reading list for young people. Here are the criteria used to determine the accepted works:<\/p>\n\n\n\n<ul class=\"wp-block-list\">\n<li>Publication in French-language including translations for an audience aged 7 to 14<\/li>\n\n\n\n<li>Distribution in Quebec<\/li>\n\n\n\n<li>Must not be part of a series, only the first volumes are considered<\/li>\n\n\n\n<li>No work generated in whole or in parts by Artificial Intelligence (AI) will be considered<\/li>\n<\/ul>\n\n\n\n<h2 class=\"wp-block-heading\" id=\"bedelys-international\">B\u00e9d\u00e9lys&nbsp;International <\/h2>\n\n\n<div class=\"wp-block-image\">\n<figure class=\"alignright size-large is-resized\"><img loading=\"lazy\" decoding=\"async\" width=\"1024\" height=\"717\" src=\"https:\/\/www.fbdm-mcaf.ca\/wp-content\/uploads\/\/FBDM-BEDELYS_E\u0301TRANGER-1-1024x717.png\" alt=\"\" class=\"wp-image-25945\" style=\"width:172px;height:auto\" srcset=\"https:\/\/www.fbdm-mcaf.ca\/wp-content\/uploads\/FBDM-BEDELYS_E\u0301TRANGER-1-1024x717.png 1024w, https:\/\/www.fbdm-mcaf.ca\/wp-content\/uploads\/FBDM-BEDELYS_E\u0301TRANGER-1-300x210.png 300w, https:\/\/www.fbdm-mcaf.ca\/wp-content\/uploads\/FBDM-BEDELYS_E\u0301TRANGER-1-768x538.png 768w, https:\/\/www.fbdm-mcaf.ca\/wp-content\/uploads\/FBDM-BEDELYS_E\u0301TRANGER-1-1536x1076.png 1536w, https:\/\/www.fbdm-mcaf.ca\/wp-content\/uploads\/FBDM-BEDELYS_E\u0301TRANGER-1-2048x1435.png 2048w, https:\/\/www.fbdm-mcaf.ca\/wp-content\/uploads\/FBDM-BEDELYS_E\u0301TRANGER-1-710x497.png 710w, https:\/\/www.fbdm-mcaf.ca\/wp-content\/uploads\/FBDM-BEDELYS_E\u0301TRANGER-1-250x175.png 250w, https:\/\/www.fbdm-mcaf.ca\/wp-content\/uploads\/FBDM-BEDELYS_E\u0301TRANGER-1-550x385.png 550w, https:\/\/www.fbdm-mcaf.ca\/wp-content\/uploads\/FBDM-BEDELYS_E\u0301TRANGER-1-800x561.png 800w, https:\/\/www.fbdm-mcaf.ca\/wp-content\/uploads\/FBDM-BEDELYS_E\u0301TRANGER-1-257x180.png 257w, https:\/\/www.fbdm-mcaf.ca\/wp-content\/uploads\/FBDM-BEDELYS_E\u0301TRANGER-1-428x300.png 428w, https:\/\/www.fbdm-mcaf.ca\/wp-content\/uploads\/FBDM-BEDELYS_E\u0301TRANGER-1-714x500.png 714w\" sizes=\"auto, (max-width: 1024px) 100vw, 1024px\" \/><\/figure>\n<\/div>\n\n\n<p>Formerly called B\u00e9d\u00e9lys World, the B\u00e9d\u00e9lys International rewards the best French-language comic book published outside Quebec since 2012. This category, which makes it possible to discover and take a critical look at the best international comics, includes works that must be available in French in Quebec during the year preceding the awards ceremony.<br><br><strong>Jury<\/strong><br>Composed of readers who work in the book industry, this jury includes, among others, librarians and booksellers, but also publishers and all other book professionals.<\/p>\n\n\n\n<h4 class=\"wp-block-heading\" id=\"selection-criteria\">Selection criteria<\/h4>\n\n\n\n<p>For this category, the jury determines which comics are part of the selection. Here are the criteria used to determine the accepted works:<\/p>\n\n\n\n<ul class=\"wp-block-list\">\n<li>Publication in French-language including translations for an audience aged 14 and over<\/li>\n\n\n\n<li>Distribution in Quebec<\/li>\n\n\n\n<li>Must not be part of a series, only the first volumes are considered<\/li>\n\n\n\n<li>Books must be distributed between January 1 and December 31 of the previous year<\/li>\n\n\n\n<li>No work generated in whole or in parts by Artificial Intelligence (AI) will be considered<\/li>\n<\/ul>\n","protected":false},"excerpt":{"rendered":"<p class=\"post-excerpt\">B\u00e9d\u00e9lys Qu\u00e9bec<\/p>\n<p>Since 1999, it rewards the best comic book by a Qu\u00e9bec artist published in Qu\u00e9bec. It has a $ 1,500 grant.<\/p>\n<p><strong>Jury<br \/><\/strong>Composed of readers who work in the book industry, this jury includes, among others, librarians and booksellers, but also publishers and all other book professionals.<\/p>\n<p>&#8230;<\/p>\n<p><a class=\"post-learn-more\" href=\"https:\/\/www.fbdm-mcaf.ca\/en\/bedelys-awards\/bedelys-awards\/\">Read more<span>&nbsp;><\/span><\/a><\/p><\/p>\n","protected":false},"author":1,"featured_media":0,"parent":20211,"menu_order":170,"comment_status":"closed","ping_status":"closed","template":"","meta":{"_acf_changed":false,"_price":"","_stock":"","_tribe_ticket_header":"","_tribe_default_ticket_provider":"","_tribe_ticket_capacity":"0","_ticket_start_date":"","_ticket_end_date":"","_tribe_ticket_show_description":"","_tribe_ticket_show_not_going":false,"_tribe_ticket_use_global_stock":"","_tribe_ticket_global_stock_level":"","_global_stock_mode":"","_global_stock_cap":"","_tribe_rsvp_for_event":"","_tribe_ticket_going_count":"","_tribe_ticket_not_going_count":"","_tribe_tickets_list":"[]","_tribe_ticket_has_attendee_info_fields":false,"footnotes":"","_tec_slr_enabled":"","_tec_slr_layout":""},"class_list":["post-20214","page","type-page","status-publish","hentry"],"acf":[],"yoast_head":"<!-- This site is optimized with the Yoast SEO plugin v27.5 - https:\/\/yoast.com\/product\/yoast-seo-wordpress\/ -->\n<title>B\u00e9d\u00e9lys Awards &#8226; MCAF<\/title>\n<meta name=\"robots\" content=\"index, follow, max-snippet:-1, max-image-preview:large, max-video-preview:-1\" \/>\n<link rel=\"canonical\" href=\"https:\/\/www.fbdm-mcaf.ca\/en\/bedelys-awards\/bedelys-awards\/\" \/>\n<meta property=\"og:locale\" content=\"en_US\" \/>\n<meta property=\"og:type\" content=\"article\" \/>\n<meta property=\"og:title\" content=\"B\u00e9d\u00e9lys Awards &#8226; MCAF\" \/>\n<meta property=\"og:description\" content=\"B\u00e9d\u00e9lys Qu\u00e9bec    Since 1999, it rewards the best comic book by a Qu\u00e9bec artist published in Qu\u00e9bec. It has a $ 1,500 grant.JuryComposed of readers who work in the book industry, this jury includes, among others, librarians and booksellers, but also publishers and all other book professionals....Read more&nbsp;&gt;\" \/>\n<meta property=\"og:url\" content=\"https:\/\/www.fbdm-mcaf.ca\/en\/bedelys-awards\/bedelys-awards\/\" \/>\n<meta property=\"og:site_name\" content=\"MCAF\" \/>\n<meta property=\"article:publisher\" content=\"https:\/\/www.facebook.com\/FestivalBDMontreal\/\" \/>\n<meta property=\"article:modified_time\" content=\"2026-01-28T20:29:31+00:00\" \/>\n<meta property=\"og:image\" content=\"https:\/\/www.fbdm-mcaf.ca\/wp-content\/uploads\/FBDM_logo_WEB.png\" \/>\n\t<meta property=\"og:image:width\" content=\"390\" \/>\n\t<meta property=\"og:image:height\" content=\"317\" \/>\n\t<meta property=\"og:image:type\" content=\"image\/png\" \/>\n<meta name=\"twitter:card\" content=\"summary_large_image\" \/>\n<meta name=\"twitter:site\" content=\"@fbdm_mtl\" \/>\n<meta name=\"twitter:label1\" content=\"Est. reading time\" \/>\n\t<meta name=\"twitter:data1\" content=\"6 minutes\" \/>\n<script type=\"application\/ld+json\" class=\"yoast-schema-graph\">{\"@context\":\"https:\\\/\\\/schema.org\",\"@graph\":[{\"@type\":\"WebPage\",\"@id\":\"https:\\\/\\\/www.fbdm-mcaf.ca\\\/en\\\/bedelys-awards\\\/bedelys-awards\\\/\",\"url\":\"https:\\\/\\\/www.fbdm-mcaf.ca\\\/en\\\/bedelys-awards\\\/bedelys-awards\\\/\",\"name\":\"B\u00e9d\u00e9lys Awards &#8226; MCAF\",\"isPartOf\":{\"@id\":\"https:\\\/\\\/www.fbdm-mcaf.ca\\\/en\\\/#website\"},\"primaryImageOfPage\":{\"@id\":\"https:\\\/\\\/www.fbdm-mcaf.ca\\\/en\\\/bedelys-awards\\\/bedelys-awards\\\/#primaryimage\"},\"image\":{\"@id\":\"https:\\\/\\\/www.fbdm-mcaf.ca\\\/en\\\/bedelys-awards\\\/bedelys-awards\\\/#primaryimage\"},\"thumbnailUrl\":\"https:\\\/\\\/www.fbdm-mcaf.ca\\\/wp-content\\\/uploads\\\/\\\/FBDM-BEDELYS_QUEBEC-1024x717.png\",\"datePublished\":\"2019-10-22T02:00:27+00:00\",\"dateModified\":\"2026-01-28T20:29:31+00:00\",\"breadcrumb\":{\"@id\":\"https:\\\/\\\/www.fbdm-mcaf.ca\\\/en\\\/bedelys-awards\\\/bedelys-awards\\\/#breadcrumb\"},\"inLanguage\":\"en-US\",\"potentialAction\":[{\"@type\":\"ReadAction\",\"target\":[\"https:\\\/\\\/www.fbdm-mcaf.ca\\\/en\\\/bedelys-awards\\\/bedelys-awards\\\/\"]}]},{\"@type\":\"ImageObject\",\"inLanguage\":\"en-US\",\"@id\":\"https:\\\/\\\/www.fbdm-mcaf.ca\\\/en\\\/bedelys-awards\\\/bedelys-awards\\\/#primaryimage\",\"url\":\"https:\\\/\\\/www.fbdm-mcaf.ca\\\/wp-content\\\/uploads\\\/\\\/FBDM-BEDELYS_QUEBEC-1024x717.png\",\"contentUrl\":\"https:\\\/\\\/www.fbdm-mcaf.ca\\\/wp-content\\\/uploads\\\/\\\/FBDM-BEDELYS_QUEBEC-1024x717.png\"},{\"@type\":\"BreadcrumbList\",\"@id\":\"https:\\\/\\\/www.fbdm-mcaf.ca\\\/en\\\/bedelys-awards\\\/bedelys-awards\\\/#breadcrumb\",\"itemListElement\":[{\"@type\":\"ListItem\",\"position\":1,\"name\":\"Home\",\"item\":\"https:\\\/\\\/www.fbdm-mcaf.ca\\\/en\\\/\"},{\"@type\":\"ListItem\",\"position\":2,\"name\":\"B\u00e9d\u00e9lys Awards\",\"item\":\"https:\\\/\\\/www.fbdm-mcaf.ca\\\/en\\\/bedelys-awards\\\/\"},{\"@type\":\"ListItem\",\"position\":3,\"name\":\"B\u00e9d\u00e9lys Awards\"}]},{\"@type\":\"WebSite\",\"@id\":\"https:\\\/\\\/www.fbdm-mcaf.ca\\\/en\\\/#website\",\"url\":\"https:\\\/\\\/www.fbdm-mcaf.ca\\\/en\\\/\",\"name\":\"MCAF\",\"description\":\"Montreal Comic Arts Festival\",\"potentialAction\":[{\"@type\":\"SearchAction\",\"target\":{\"@type\":\"EntryPoint\",\"urlTemplate\":\"https:\\\/\\\/www.fbdm-mcaf.ca\\\/en\\\/?s={search_term_string}\"},\"query-input\":{\"@type\":\"PropertyValueSpecification\",\"valueRequired\":true,\"valueName\":\"search_term_string\"}}],\"inLanguage\":\"en-US\"}]}<\/script>\n<!-- \/ Yoast SEO plugin. -->","yoast_head_json":{"title":"B\u00e9d\u00e9lys Awards &#8226; MCAF","robots":{"index":"index","follow":"follow","max-snippet":"max-snippet:-1","max-image-preview":"max-image-preview:large","max-video-preview":"max-video-preview:-1"},"canonical":"https:\/\/www.fbdm-mcaf.ca\/en\/bedelys-awards\/bedelys-awards\/","og_locale":"en_US","og_type":"article","og_title":"B\u00e9d\u00e9lys Awards &#8226; MCAF","og_description":"B\u00e9d\u00e9lys Qu\u00e9bec    Since 1999, it rewards the best comic book by a Qu\u00e9bec artist published in Qu\u00e9bec. It has a $ 1,500 grant.JuryComposed of readers who work in the book industry, this jury includes, among others, librarians and booksellers, but also publishers and all other book professionals....Read more&nbsp;>","og_url":"https:\/\/www.fbdm-mcaf.ca\/en\/bedelys-awards\/bedelys-awards\/","og_site_name":"MCAF","article_publisher":"https:\/\/www.facebook.com\/FestivalBDMontreal\/","article_modified_time":"2026-01-28T20:29:31+00:00","og_image":[{"width":390,"height":317,"url":"https:\/\/www.fbdm-mcaf.ca\/wp-content\/uploads\/FBDM_logo_WEB.png","type":"image\/png"}],"twitter_card":"summary_large_image","twitter_site":"@fbdm_mtl","twitter_misc":{"Est. reading time":"6 minutes"},"schema":{"@context":"https:\/\/schema.org","@graph":[{"@type":"WebPage","@id":"https:\/\/www.fbdm-mcaf.ca\/en\/bedelys-awards\/bedelys-awards\/","url":"https:\/\/www.fbdm-mcaf.ca\/en\/bedelys-awards\/bedelys-awards\/","name":"B\u00e9d\u00e9lys Awards &#8226; MCAF","isPartOf":{"@id":"https:\/\/www.fbdm-mcaf.ca\/en\/#website"},"primaryImageOfPage":{"@id":"https:\/\/www.fbdm-mcaf.ca\/en\/bedelys-awards\/bedelys-awards\/#primaryimage"},"image":{"@id":"https:\/\/www.fbdm-mcaf.ca\/en\/bedelys-awards\/bedelys-awards\/#primaryimage"},"thumbnailUrl":"https:\/\/www.fbdm-mcaf.ca\/wp-content\/uploads\/\/FBDM-BEDELYS_QUEBEC-1024x717.png","datePublished":"2019-10-22T02:00:27+00:00","dateModified":"2026-01-28T20:29:31+00:00","breadcrumb":{"@id":"https:\/\/www.fbdm-mcaf.ca\/en\/bedelys-awards\/bedelys-awards\/#breadcrumb"},"inLanguage":"en-US","potentialAction":[{"@type":"ReadAction","target":["https:\/\/www.fbdm-mcaf.ca\/en\/bedelys-awards\/bedelys-awards\/"]}]},{"@type":"ImageObject","inLanguage":"en-US","@id":"https:\/\/www.fbdm-mcaf.ca\/en\/bedelys-awards\/bedelys-awards\/#primaryimage","url":"https:\/\/www.fbdm-mcaf.ca\/wp-content\/uploads\/\/FBDM-BEDELYS_QUEBEC-1024x717.png","contentUrl":"https:\/\/www.fbdm-mcaf.ca\/wp-content\/uploads\/\/FBDM-BEDELYS_QUEBEC-1024x717.png"},{"@type":"BreadcrumbList","@id":"https:\/\/www.fbdm-mcaf.ca\/en\/bedelys-awards\/bedelys-awards\/#breadcrumb","itemListElement":[{"@type":"ListItem","position":1,"name":"Home","item":"https:\/\/www.fbdm-mcaf.ca\/en\/"},{"@type":"ListItem","position":2,"name":"B\u00e9d\u00e9lys Awards","item":"https:\/\/www.fbdm-mcaf.ca\/en\/bedelys-awards\/"},{"@type":"ListItem","position":3,"name":"B\u00e9d\u00e9lys Awards"}]},{"@type":"WebSite","@id":"https:\/\/www.fbdm-mcaf.ca\/en\/#website","url":"https:\/\/www.fbdm-mcaf.ca\/en\/","name":"MCAF","description":"Montreal Comic Arts Festival","potentialAction":[{"@type":"SearchAction","target":{"@type":"EntryPoint","urlTemplate":"https:\/\/www.fbdm-mcaf.ca\/en\/?s={search_term_string}"},"query-input":{"@type":"PropertyValueSpecification","valueRequired":true,"valueName":"search_term_string"}}],"inLanguage":"en-US"}]}},"ticketed":false,"_links":{"self":[{"href":"https:\/\/www.fbdm-mcaf.ca\/en\/wp-json\/wp\/v2\/pages\/20214","targetHints":{"allow":["GET"]}}],"collection":[{"href":"https:\/\/www.fbdm-mcaf.ca\/en\/wp-json\/wp\/v2\/pages"}],"about":[{"href":"https:\/\/www.fbdm-mcaf.ca\/en\/wp-json\/wp\/v2\/types\/page"}],"author":[{"embeddable":true,"href":"https:\/\/www.fbdm-mcaf.ca\/en\/wp-json\/wp\/v2\/users\/1"}],"replies":[{"embeddable":true,"href":"https:\/\/www.fbdm-mcaf.ca\/en\/wp-json\/wp\/v2\/comments?post=20214"}],"version-history":[{"count":5,"href":"https:\/\/www.fbdm-mcaf.ca\/en\/wp-json\/wp\/v2\/pages\/20214\/revisions"}],"predecessor-version":[{"id":38413,"href":"https:\/\/www.fbdm-mcaf.ca\/en\/wp-json\/wp\/v2\/pages\/20214\/revisions\/38413"}],"up":[{"embeddable":true,"href":"https:\/\/www.fbdm-mcaf.ca\/en\/wp-json\/wp\/v2\/pages\/20211"}],"wp:attachment":[{"href":"https:\/\/www.fbdm-mcaf.ca\/en\/wp-json\/wp\/v2\/media?parent=20214"}],"curies":[{"name":"wp","href":"https:\/\/api.w.org\/{rel}","templated":true}]}}